{"id":921,"date":"2015-01-08T14:17:12","date_gmt":"2015-01-08T14:17:12","guid":{"rendered":"http:\/\/localhost:8888\/construction\/?page_id=2"},"modified":"2024-05-24T14:43:50","modified_gmt":"2024-05-24T11:43:50","slug":"hizmetlerimiz","status":"publish","type":"page","link":"https:\/\/goksuteppichreinigung.de\/tr\/hizmetlerimiz","title":{"rendered":"Hizmetlerimiz"},"content":{"rendered":"<div id=\"pl-921\"  class=\"panel-layout\" ><div id=\"pg-921-0\"  class=\"panel-grid panel-no-style\" ><div id=\"pgc-921-0-0\"  class=\"panel-grid-cell\" ><div id=\"panel-921-0-0-0\" class=\"so-panel widget widget_qt_feature_page widget-featured-page panel-first-child panel-last-child\" data-index=\"0\" >\n\t\t\t<div class=\"post-item page\">\n\t\t\t\t\t\t\t\t\t<a href=\"https:\/\/goksuteppichreinigung.de\/tr\/hali-yikama\" class=\"post-item-image\">\n\t\t\t\t\t\t<img loading=\"lazy\" decoding=\"async\" src=\"https:\/\/goksuteppichreinigung.de\/tr\/wp-content\/uploads\/2018\/03\/makinehalisi1-360x240.jpg\" width=\"360\" height=\"240\" srcset=\"https:\/\/goksuteppichreinigung.de\/tr\/wp-content\/uploads\/2018\/03\/makinehalisi1-360x240.jpg 360w, https:\/\/goksuteppichreinigung.de\/tr\/wp-content\/uploads\/2018\/03\/makinehalisi1-850x450.jpg 850w\" sizes=\"auto, (min-width: 781px) 360px, calc(100vw - 30px)\" alt=\"Hal\u0131 Y\u0131kama\">\n\t\t\t\t\t\t\t\t\t\t\t\t\t<div class=\"overlay\">\n\t\t\t\t\t\t\t\t<div class=\"vertical-center\">\n\t\t\t\t\t\t\t\t\t<span>Detaylar<\/span>\n\t\t\t\t\t\t\t\t<\/div>\n\t\t\t\t\t\t\t<\/div>\n\t\t\t\t\t\t\t\t\t\t\t<\/a>\n\t\t\t\t\t\t\t\t<h5 class=\"title\">\n\t\t\t\t\t<a href=\"https:\/\/goksuteppichreinigung.de\/tr\/hali-yikama\">Hal\u0131 Y\u0131kama<\/a>\n\t\t\t\t<\/h5>\n\t\t\t\t\t\t\t\t\t<p>G\u00f6ksu Hal\u0131 Y\u0131kama olarak, uzman ekibimiz ve son teknoloji ekipmanlar\u0131m\u0131zla m\u00fc\u015fterilerimize en kaliteli hizmeti sunmaktay\u0131z.\n\nSahip oldu\u011fumuz geni\u015f tecr\u00fcbe sayesinde t\u00fcm...<\/p>\n\t\t\t\t\t\t\t\t\t\t\t<a href=\"https:\/\/goksuteppichreinigung.de\/tr\/hali-yikama\" class=\"more\">Detaylar<\/a>\n\t\t\t\t\t\t\t\t\t\t\t\t<\/div>\n\n\t\t\t<\/div><\/div><div id=\"pgc-921-0-1\"  class=\"panel-grid-cell\" ><div id=\"panel-921-0-1-0\" class=\"so-panel widget widget_qt_feature_page widget-featured-page panel-first-child panel-last-child\" data-index=\"1\" >\n\t\t\t<div class=\"post-item page\">\n\t\t\t\t\t\t\t\t\t<a href=\"https:\/\/goksuteppichreinigung.de\/tr\/koltuk-yikama\" class=\"post-item-image\">\n\t\t\t\t\t\t<img loading=\"lazy\" decoding=\"async\" src=\"https:\/\/goksuteppichreinigung.de\/tr\/wp-content\/uploads\/2018\/03\/3-e1520179959185-360x240.jpg\" width=\"360\" height=\"240\" srcset=\"https:\/\/goksuteppichreinigung.de\/tr\/wp-content\/uploads\/2018\/03\/3-e1520179959185-360x240.jpg 360w, https:\/\/goksuteppichreinigung.de\/tr\/wp-content\/uploads\/2018\/03\/3-e1520179959185.jpg 670w\" sizes=\"auto, (min-width: 781px) 360px, calc(100vw - 30px)\" alt=\"Koltuk Y\u0131kama\">\n\t\t\t\t\t\t\t\t\t\t\t\t\t<div class=\"overlay\">\n\t\t\t\t\t\t\t\t<div class=\"vertical-center\">\n\t\t\t\t\t\t\t\t\t<span>Detaylar<\/span>\n\t\t\t\t\t\t\t\t<\/div>\n\t\t\t\t\t\t\t<\/div>\n\t\t\t\t\t\t\t\t\t\t\t<\/a>\n\t\t\t\t\t\t\t\t<h5 class=\"title\">\n\t\t\t\t\t<a href=\"https:\/\/goksuteppichreinigung.de\/tr\/koltuk-yikama\">Koltuk Y\u0131kama<\/a>\n\t\t\t\t<\/h5>\n\t\t\t\t\t\t\t\t\t<p>G\u00f6ksu Hal\u0131 Y\u0131kama olarak m\u00fc\u015fterilerimize sundu\u011fumuz koltuk y\u0131kama hizmetimizle, evinizdeki veya i\u015f yerinizdeki koltuklar\u0131n\u0131z\u0131 yeniden canland\u0131r\u0131yoruz.\n\nProfesyonel ekipmanlar\u0131m\u0131z...<\/p>\n\t\t\t\t\t\t\t\t\t\t\t<a href=\"https:\/\/goksuteppichreinigung.de\/tr\/koltuk-yikama\" class=\"more\">Detaylar<\/a>\n\t\t\t\t\t\t\t\t\t\t\t\t<\/div>\n\n\t\t\t<\/div><\/div><div id=\"pgc-921-0-2\"  class=\"panel-grid-cell\" ><div id=\"panel-921-0-2-0\" class=\"so-panel widget widget_qt_feature_page widget-featured-page panel-first-child panel-last-child\" data-index=\"2\" >\n\t\t\t<div class=\"post-item page\">\n\t\t\t\t\t\t\t\t\t<a href=\"https:\/\/goksuteppichreinigung.de\/tr\/perde-yikama\" class=\"post-item-image\">\n\t\t\t\t\t\t<img loading=\"lazy\" decoding=\"async\" src=\"https:\/\/goksuteppichreinigung.de\/tr\/wp-content\/uploads\/2018\/03\/Carpet-on-floor-360x240.jpg\" width=\"360\" height=\"240\" srcset=\"https:\/\/goksuteppichreinigung.de\/tr\/wp-content\/uploads\/2018\/03\/Carpet-on-floor-360x240.jpg 360w, https:\/\/goksuteppichreinigung.de\/tr\/wp-content\/uploads\/2018\/03\/Carpet-on-floor.jpg 689w\" sizes=\"auto, (min-width: 781px) 360px, calc(100vw - 30px)\" alt=\"Perde Y\u0131kama\">\n\t\t\t\t\t\t\t\t\t\t\t\t\t<div class=\"overlay\">\n\t\t\t\t\t\t\t\t<div class=\"vertical-center\">\n\t\t\t\t\t\t\t\t\t<span>Detaylar<\/span>\n\t\t\t\t\t\t\t\t<\/div>\n\t\t\t\t\t\t\t<\/div>\n\t\t\t\t\t\t\t\t\t\t\t<\/a>\n\t\t\t\t\t\t\t\t<h5 class=\"title\">\n\t\t\t\t\t<a href=\"https:\/\/goksuteppichreinigung.de\/tr\/perde-yikama\">Perde Y\u0131kama<\/a>\n\t\t\t\t<\/h5>\n\t\t\t\t\t\t\t\t\t<p>G\u00f6ksu Hal\u0131 Y\u0131kama olarak, perde y\u0131kama hizmetlerimizle m\u00fc\u015fterilerimize en kaliteli ve g\u00fcvenilir hizmeti sunmaktan gurur duyuyoruz.\n\nStor perdelerinizden \u00f6rme perdelerinize,...<\/p>\n\t\t\t\t\t\t\t\t\t\t\t<a href=\"https:\/\/goksuteppichreinigung.de\/tr\/perde-yikama\" class=\"more\">Detaylar<\/a>\n\t\t\t\t\t\t\t\t\t\t\t\t<\/div>\n\n\t\t\t<\/div><\/div><\/div><div id=\"pg-921-1\"  class=\"panel-grid panel-no-style\" ><div id=\"pgc-921-1-0\"  class=\"panel-grid-cell\" ><div id=\"panel-921-1-0-0\" class=\"so-panel widget widget_qt_feature_page widget-featured-page panel-first-child panel-last-child\" data-index=\"3\" >\n\t\t\t<div class=\"post-item page\">\n\t\t\t\t\t\t\t\t\t<a href=\"https:\/\/goksuteppichreinigung.de\/tr\/yorgan-yikama\" class=\"post-item-image\">\n\t\t\t\t\t\t<img loading=\"lazy\" decoding=\"async\" src=\"https:\/\/goksuteppichreinigung.de\/tr\/wp-content\/uploads\/2018\/03\/halifleks-360x240.jpg\" width=\"360\" height=\"240\" srcset=\"https:\/\/goksuteppichreinigung.de\/tr\/wp-content\/uploads\/2018\/03\/halifleks-360x240.jpg 360w, https:\/\/goksuteppichreinigung.de\/tr\/wp-content\/uploads\/2018\/03\/halifleks-850x450.jpg 850w\" sizes=\"auto, (min-width: 781px) 360px, calc(100vw - 30px)\" alt=\"Yorgan Y\u0131kama\">\n\t\t\t\t\t\t\t\t\t\t\t\t\t<div class=\"overlay\">\n\t\t\t\t\t\t\t\t<div class=\"vertical-center\">\n\t\t\t\t\t\t\t\t\t<span>Detaylar<\/span>\n\t\t\t\t\t\t\t\t<\/div>\n\t\t\t\t\t\t\t<\/div>\n\t\t\t\t\t\t\t\t\t\t\t<\/a>\n\t\t\t\t\t\t\t\t<h5 class=\"title\">\n\t\t\t\t\t<a href=\"https:\/\/goksuteppichreinigung.de\/tr\/yorgan-yikama\">Yorgan Y\u0131kama<\/a>\n\t\t\t\t<\/h5>\n\t\t\t\t\t\t\t\t\t<p>G\u00f6ksu Hal\u0131 Y\u0131kama olarak, m\u00fc\u015fterilerimize en kaliteli yorgan y\u0131kama hizmetlerini sunmaktay\u0131z. Uzman ekiplerimiz, her t\u00fcrl\u00fc yorgan\u0131 \u00f6zenle temizlemektedir.\n\nY\u00fcn yorganlar\u0131n\u0131z\u0131n...<\/p>\n\t\t\t\t\t\t\t\t\t\t\t<a href=\"https:\/\/goksuteppichreinigung.de\/tr\/yorgan-yikama\" class=\"more\">Detaylar<\/a>\n\t\t\t\t\t\t\t\t\t\t\t\t<\/div>\n\n\t\t\t<\/div><\/div><div id=\"pgc-921-1-1\"  class=\"panel-grid-cell\" ><div id=\"panel-921-1-1-0\" class=\"so-panel widget widget_qt_feature_page widget-featured-page panel-first-child panel-last-child\" data-index=\"4\" >\n\t\t\t<div class=\"post-item page\">\n\t\t\t\t\t\t\t\t\t<a href=\"https:\/\/goksuteppichreinigung.de\/tr\/yatak-yikama\" class=\"post-item-image\">\n\t\t\t\t\t\t<img loading=\"lazy\" decoding=\"async\" src=\"https:\/\/goksuteppichreinigung.de\/tr\/wp-content\/uploads\/2018\/03\/2-e1520179372584-360x240.jpg\" width=\"360\" height=\"240\" srcset=\"https:\/\/goksuteppichreinigung.de\/tr\/wp-content\/uploads\/2018\/03\/2-e1520179372584-360x240.jpg 360w, https:\/\/goksuteppichreinigung.de\/tr\/wp-content\/uploads\/2018\/03\/2-e1520179372584-850x450.jpg 850w\" sizes=\"auto, (min-width: 781px) 360px, calc(100vw - 30px)\" alt=\"Yatak Y\u0131kama\">\n\t\t\t\t\t\t\t\t\t\t\t\t\t<div class=\"overlay\">\n\t\t\t\t\t\t\t\t<div class=\"vertical-center\">\n\t\t\t\t\t\t\t\t\t<span>Detaylar<\/span>\n\t\t\t\t\t\t\t\t<\/div>\n\t\t\t\t\t\t\t<\/div>\n\t\t\t\t\t\t\t\t\t\t\t<\/a>\n\t\t\t\t\t\t\t\t<h5 class=\"title\">\n\t\t\t\t\t<a href=\"https:\/\/goksuteppichreinigung.de\/tr\/yatak-yikama\">Yatak Y\u0131kama<\/a>\n\t\t\t\t<\/h5>\n\t\t\t\t\t\t\t\t\t<p>G\u00f6ksu Hal\u0131 Y\u0131kama olarak, yatak y\u0131kama hizmetlerimizle m\u00fc\u015fterilerimize en kaliteli ve hijyenik \u00e7\u00f6z\u00fcmleri sunuyoruz.\n\nProfesyonel ekipmanlar\u0131m\u0131z ve deneyimli personelimiz...<\/p>\n\t\t\t\t\t\t\t\t\t\t\t<a href=\"https:\/\/goksuteppichreinigung.de\/tr\/yatak-yikama\" class=\"more\">Detaylar<\/a>\n\t\t\t\t\t\t\t\t\t\t\t\t<\/div>\n\n\t\t\t<\/div><\/div><div id=\"pgc-921-1-2\"  class=\"panel-grid-cell\" ><div id=\"panel-921-1-2-0\" class=\"so-panel widget widget_qt_feature_page widget-featured-page panel-first-child panel-last-child\" data-index=\"5\" >\n\t\t\t<div class=\"post-item page\">\n\t\t\t\t\t\t\t\t\t<a href=\"https:\/\/goksuteppichreinigung.de\/tr\/araba-koltugu-yikama\" class=\"post-item-image\">\n\t\t\t\t\t\t<img loading=\"lazy\" decoding=\"async\" src=\"https:\/\/goksuteppichreinigung.de\/tr\/wp-content\/uploads\/2018\/03\/4-e1520180151796-360x240.jpg\" width=\"360\" height=\"240\" srcset=\"https:\/\/goksuteppichreinigung.de\/tr\/wp-content\/uploads\/2018\/03\/4-e1520180151796-360x240.jpg 360w, https:\/\/goksuteppichreinigung.de\/tr\/wp-content\/uploads\/2018\/03\/4-e1520180151796-850x450.jpg 850w\" sizes=\"auto, (min-width: 781px) 360px, calc(100vw - 30px)\" alt=\"Araba Koltu\u011fu Y\u0131kama\">\n\t\t\t\t\t\t\t\t\t\t\t\t\t<div class=\"overlay\">\n\t\t\t\t\t\t\t\t<div class=\"vertical-center\">\n\t\t\t\t\t\t\t\t\t<span>Detaylar<\/span>\n\t\t\t\t\t\t\t\t<\/div>\n\t\t\t\t\t\t\t<\/div>\n\t\t\t\t\t\t\t\t\t\t\t<\/a>\n\t\t\t\t\t\t\t\t<h5 class=\"title\">\n\t\t\t\t\t<a href=\"https:\/\/goksuteppichreinigung.de\/tr\/araba-koltugu-yikama\">Araba Koltu\u011fu Y\u0131kama<\/a>\n\t\t\t\t<\/h5>\n\t\t\t\t\t\t\t\t\t<p>G\u00f6ksu Hal\u0131 Y\u0131kama olarak arabalar\u0131n\u0131z i\u00e7in \u00f6zel olarak tasarlanm\u0131\u015f koltuk y\u0131kama hizmetlerimizle sizlere kaliteli ve profesyonel bir deneyim sunuyoruz.\n\nAraba koltuklar\u0131n\u0131n...<\/p>\n\t\t\t\t\t\t\t\t\t\t\t<a href=\"https:\/\/goksuteppichreinigung.de\/tr\/araba-koltugu-yikama\" class=\"more\">Detaylar<\/a>\n\t\t\t\t\t\t\t\t\t\t\t\t<\/div>\n\n\t\t\t<\/div><\/div><\/div><\/div>","protected":false},"excerpt":{"rendered":"<p>Detaylar Hal\u0131 Y\u0131kama G\u00f6ksu Hal\u0131 Y\u0131kama olarak, uzman ekibimiz ve son teknoloji ekipmanlar\u0131m\u0131zla m\u00fc\u015fterilerimize en kaliteli hizmeti sunmaktay\u0131z. Sahip oldu\u011fumuz geni\u015f tecr\u00fcbe sayesinde t\u00fcm&#8230; Detaylar Detaylar Koltuk Y\u0131kama G\u00f6ksu Hal\u0131 Y\u0131kama olarak m\u00fc\u015fterilerimize sundu\u011fumuz koltuk y\u0131kama hizmetimizle, evinizdeki veya i\u015f yerinizdeki koltuklar\u0131n\u0131z\u0131 yeniden canland\u0131r\u0131yoruz. Profesyonel ekipmanlar\u0131m\u0131z&#8230; Detaylar Detaylar Perde Y\u0131kama G\u00f6ksu Hal\u0131 Y\u0131kama olarak, perde [&hellip;]<\/p>\n","protected":false},"author":1,"featured_media":0,"parent":0,"menu_order":0,"comment_status":"closed","ping_status":"closed","template":"","meta":{"footnotes":""},"class_list":["post-921","page","type-page","status-publish","hentry"],"yoast_head":"<!-- This site is optimized with the Yoast SEO plugin v27.4 - https:\/\/yoast.com\/product\/yoast-seo-wordpress\/ -->\n<title>Hizmetlerimiz - G\u00f6ksu Hal\u0131 Y\u0131kama<\/title>\n<meta name=\"description\" content=\"G\u00f6ksu Hal\u0131 Y\u0131kama ile Hal\u0131 y\u0131kama, Koltuk y\u0131kama, Perde y\u0131kama, Yorgan y\u0131kama, Yatak y\u0131kama, Araba koltu\u011fu y\u0131kama hizmeti alabilirsiniz.\" \/>\n<meta name=\"robots\" content=\"index, follow, max-snippet:-1, max-image-preview:large, max-video-preview:-1\" \/>\n<link rel=\"canonical\" href=\"https:\/\/goksuteppichreinigung.de\/tr\/hizmetlerimiz\" \/>\n<meta property=\"og:locale\" content=\"tr_TR\" \/>\n<meta property=\"og:type\" content=\"article\" \/>\n<meta property=\"og:title\" content=\"Hizmetlerimiz - G\u00f6ksu Hal\u0131 Y\u0131kama\" \/>\n<meta property=\"og:description\" content=\"G\u00f6ksu Hal\u0131 Y\u0131kama ile Hal\u0131 y\u0131kama, Koltuk y\u0131kama, Perde y\u0131kama, Yorgan y\u0131kama, Yatak y\u0131kama, Araba koltu\u011fu y\u0131kama hizmeti alabilirsiniz.\" \/>\n<meta property=\"og:url\" content=\"https:\/\/goksuteppichreinigung.de\/tr\/hizmetlerimiz\" \/>\n<meta property=\"og:site_name\" content=\"G\u00f6ksu Hal\u0131 Y\u0131kama\" \/>\n<meta property=\"article:modified_time\" content=\"2024-05-24T11:43:50+00:00\" \/>\n<meta name=\"twitter:card\" content=\"summary_large_image\" \/>\n<meta name=\"twitter:label1\" content=\"Tahmini okuma s\u00fcresi\" \/>\n\t<meta name=\"twitter:data1\" content=\"3 dakika\" \/>\n<script type=\"application\/ld+json\" class=\"yoast-schema-graph\">{\"@context\":\"https:\\\/\\\/schema.org\",\"@graph\":[{\"@type\":\"WebPage\",\"@id\":\"https:\\\/\\\/goksuteppichreinigung.de\\\/tr\\\/hizmetlerimiz\",\"url\":\"https:\\\/\\\/goksuteppichreinigung.de\\\/tr\\\/hizmetlerimiz\",\"name\":\"Hizmetlerimiz - G\u00f6ksu Hal\u0131 Y\u0131kama\",\"isPartOf\":{\"@id\":\"https:\\\/\\\/goksuteppichreinigung.de\\\/tr\\\/#website\"},\"datePublished\":\"2015-01-08T14:17:12+00:00\",\"dateModified\":\"2024-05-24T11:43:50+00:00\",\"description\":\"G\u00f6ksu Hal\u0131 Y\u0131kama ile Hal\u0131 y\u0131kama, Koltuk y\u0131kama, Perde y\u0131kama, Yorgan y\u0131kama, Yatak y\u0131kama, Araba koltu\u011fu y\u0131kama hizmeti alabilirsiniz.\",\"breadcrumb\":{\"@id\":\"https:\\\/\\\/goksuteppichreinigung.de\\\/tr\\\/hizmetlerimiz#breadcrumb\"},\"inLanguage\":\"tr\",\"potentialAction\":[{\"@type\":\"ReadAction\",\"target\":[\"https:\\\/\\\/goksuteppichreinigung.de\\\/tr\\\/hizmetlerimiz\"]}]},{\"@type\":\"BreadcrumbList\",\"@id\":\"https:\\\/\\\/goksuteppichreinigung.de\\\/tr\\\/hizmetlerimiz#breadcrumb\",\"itemListElement\":[{\"@type\":\"ListItem\",\"position\":1,\"name\":\"Ana sayfa\",\"item\":\"https:\\\/\\\/goksuteppichreinigung.de\\\/tr\\\/\"},{\"@type\":\"ListItem\",\"position\":2,\"name\":\"Hizmetlerimiz\"}]},{\"@type\":\"WebSite\",\"@id\":\"https:\\\/\\\/goksuteppichreinigung.de\\\/tr\\\/#website\",\"url\":\"https:\\\/\\\/goksuteppichreinigung.de\\\/tr\\\/\",\"name\":\"G\u00f6ksu Hal\u0131 Y\u0131kama\",\"description\":\"\",\"potentialAction\":[{\"@type\":\"SearchAction\",\"target\":{\"@type\":\"EntryPoint\",\"urlTemplate\":\"https:\\\/\\\/goksuteppichreinigung.de\\\/tr\\\/?s={search_term_string}\"},\"query-input\":{\"@type\":\"PropertyValueSpecification\",\"valueRequired\":true,\"valueName\":\"search_term_string\"}}],\"inLanguage\":\"tr\"}]}<\/script>\n<!-- \/ Yoast SEO plugin. -->","yoast_head_json":{"title":"Hizmetlerimiz - G\u00f6ksu Hal\u0131 Y\u0131kama","description":"G\u00f6ksu Hal\u0131 Y\u0131kama ile Hal\u0131 y\u0131kama, Koltuk y\u0131kama, Perde y\u0131kama, Yorgan y\u0131kama, Yatak y\u0131kama, Araba koltu\u011fu y\u0131kama hizmeti alabilirsiniz.","robots":{"index":"index","follow":"follow","max-snippet":"max-snippet:-1","max-image-preview":"max-image-preview:large","max-video-preview":"max-video-preview:-1"},"canonical":"https:\/\/goksuteppichreinigung.de\/tr\/hizmetlerimiz","og_locale":"tr_TR","og_type":"article","og_title":"Hizmetlerimiz - G\u00f6ksu Hal\u0131 Y\u0131kama","og_description":"G\u00f6ksu Hal\u0131 Y\u0131kama ile Hal\u0131 y\u0131kama, Koltuk y\u0131kama, Perde y\u0131kama, Yorgan y\u0131kama, Yatak y\u0131kama, Araba koltu\u011fu y\u0131kama hizmeti alabilirsiniz.","og_url":"https:\/\/goksuteppichreinigung.de\/tr\/hizmetlerimiz","og_site_name":"G\u00f6ksu Hal\u0131 Y\u0131kama","article_modified_time":"2024-05-24T11:43:50+00:00","twitter_card":"summary_large_image","twitter_misc":{"Tahmini okuma s\u00fcresi":"3 dakika"},"schema":{"@context":"https:\/\/schema.org","@graph":[{"@type":"WebPage","@id":"https:\/\/goksuteppichreinigung.de\/tr\/hizmetlerimiz","url":"https:\/\/goksuteppichreinigung.de\/tr\/hizmetlerimiz","name":"Hizmetlerimiz - G\u00f6ksu Hal\u0131 Y\u0131kama","isPartOf":{"@id":"https:\/\/goksuteppichreinigung.de\/tr\/#website"},"datePublished":"2015-01-08T14:17:12+00:00","dateModified":"2024-05-24T11:43:50+00:00","description":"G\u00f6ksu Hal\u0131 Y\u0131kama ile Hal\u0131 y\u0131kama, Koltuk y\u0131kama, Perde y\u0131kama, Yorgan y\u0131kama, Yatak y\u0131kama, Araba koltu\u011fu y\u0131kama hizmeti alabilirsiniz.","breadcrumb":{"@id":"https:\/\/goksuteppichreinigung.de\/tr\/hizmetlerimiz#breadcrumb"},"inLanguage":"tr","potentialAction":[{"@type":"ReadAction","target":["https:\/\/goksuteppichreinigung.de\/tr\/hizmetlerimiz"]}]},{"@type":"BreadcrumbList","@id":"https:\/\/goksuteppichreinigung.de\/tr\/hizmetlerimiz#breadcrumb","itemListElement":[{"@type":"ListItem","position":1,"name":"Ana sayfa","item":"https:\/\/goksuteppichreinigung.de\/tr\/"},{"@type":"ListItem","position":2,"name":"Hizmetlerimiz"}]},{"@type":"WebSite","@id":"https:\/\/goksuteppichreinigung.de\/tr\/#website","url":"https:\/\/goksuteppichreinigung.de\/tr\/","name":"G\u00f6ksu Hal\u0131 Y\u0131kama","description":"","potentialAction":[{"@type":"SearchAction","target":{"@type":"EntryPoint","urlTemplate":"https:\/\/goksuteppichreinigung.de\/tr\/?s={search_term_string}"},"query-input":{"@type":"PropertyValueSpecification","valueRequired":true,"valueName":"search_term_string"}}],"inLanguage":"tr"}]}},"_links":{"self":[{"href":"https:\/\/goksuteppichreinigung.de\/tr\/wp-json\/wp\/v2\/pages\/921","targetHints":{"allow":["GET"]}}],"collection":[{"href":"https:\/\/goksuteppichreinigung.de\/tr\/wp-json\/wp\/v2\/pages"}],"about":[{"href":"https:\/\/goksuteppichreinigung.de\/tr\/wp-json\/wp\/v2\/types\/page"}],"author":[{"embeddable":true,"href":"https:\/\/goksuteppichreinigung.de\/tr\/wp-json\/wp\/v2\/users\/1"}],"replies":[{"embeddable":true,"href":"https:\/\/goksuteppichreinigung.de\/tr\/wp-json\/wp\/v2\/comments?post=921"}],"version-history":[{"count":0,"href":"https:\/\/goksuteppichreinigung.de\/tr\/wp-json\/wp\/v2\/pages\/921\/revisions"}],"wp:attachment":[{"href":"https:\/\/goksuteppichreinigung.de\/tr\/wp-json\/wp\/v2\/media?parent=921"}],"curies":[{"name":"wp","href":"https:\/\/api.w.org\/{rel}","templated":true}]}}