{"id":6994,"date":"2018-03-03T19:51:44","date_gmt":"2018-03-03T16:51:44","guid":{"rendered":"https:\/\/goksuteppichreinigung.de\/tr\/?page_id=6994"},"modified":"2024-05-24T15:42:23","modified_gmt":"2024-05-24T12:42:23","slug":"koltuk-yikama","status":"publish","type":"page","link":"https:\/\/goksuteppichreinigung.de\/tr\/koltuk-yikama","title":{"rendered":"Koltuk Y\u0131kama"},"content":{"rendered":"<div id=\"pl-6994\"  class=\"panel-layout\" ><div id=\"pg-6994-0\"  class=\"panel-grid panel-no-style\" ><div id=\"pgc-6994-0-0\"  class=\"panel-grid-cell\" ><div id=\"panel-6994-0-0-0\" class=\"so-panel widget widget_black-studio-tinymce widget_black_studio_tinymce panel-first-child panel-last-child\" data-index=\"0\" ><div class=\"textwidget\"><p>G\u00f6ksu Hal\u0131 Y\u0131kama olarak m\u00fc\u015fterilerimize sundu\u011fumuz koltuk y\u0131kama hizmetimizle, evinizdeki veya i\u015f yerinizdeki koltuklar\u0131n\u0131z\u0131 yeniden canland\u0131r\u0131yoruz.<\/p>\n<p>Profesyonel ekipmanlar\u0131m\u0131z ve uzman kadromuz sayesinde, her t\u00fcrl\u00fc lekeyi ve kirleri en etkili \u015fekilde temizliyoruz. Kulland\u0131\u011f\u0131m\u0131z \u00f6zel temizlik \u00fcr\u00fcnleri sayesinde koltuklar\u0131n\u0131z\u0131n dokusuna zarar vermeden derinlemesine bir temizlik sa\u011fl\u0131yoruz. G\u00f6ksu Hal\u0131 Y\u0131kama olarak kaliteli hizmet anlay\u0131\u015f\u0131m\u0131zla m\u00fc\u015fteri memnuniyetini her zaman \u00f6n planda tutuyor ve en uygun fiyatlarla profesyonel \u00e7\u00f6z\u00fcmler sunmaya devam ediyoruz.<\/p>\n<p>Siz de g\u00f6z al\u0131c\u0131 ve tertemiz koltuklara sahip olmak istiyorsan\u0131z, bize ula\u015farak koltuk y\u0131kama hizmetimizi tercih edebilirsiniz.<\/p>\n<\/div><\/div><\/div><\/div><div id=\"pg-6994-1\"  class=\"panel-grid panel-no-style\" ><div id=\"pgc-6994-1-0\"  class=\"panel-grid-cell\" ><div id=\"panel-6994-1-0-0\" class=\"so-panel widget widget_black-studio-tinymce widget_black_studio_tinymce panel-first-child panel-last-child\" data-index=\"1\" ><div class=\"textwidget\"><p><img loading=\"lazy\" decoding=\"async\" class=\"size-full wp-image-6403 aligncenter\" src=\"http:\/\/export-xml.qreativethemes.com\/thelandscaper\/wp-content\/uploads\/sites\/2\/2015\/07\/img_divider.png\" alt=\"img_divider\" width=\"1128\" height=\"14\" srcset=\"https:\/\/goksuteppichreinigung.de\/tr\/wp-content\/uploads\/2015\/07\/img_divider.png 1128w, https:\/\/goksuteppichreinigung.de\/tr\/wp-content\/uploads\/2015\/07\/img_divider-300x4.png 300w, https:\/\/goksuteppichreinigung.de\/tr\/wp-content\/uploads\/2015\/07\/img_divider-768x10.png 768w, https:\/\/goksuteppichreinigung.de\/tr\/wp-content\/uploads\/2015\/07\/img_divider-1024x13.png 1024w, https:\/\/goksuteppichreinigung.de\/tr\/wp-content\/uploads\/2015\/07\/img_divider-600x7.png 600w\" sizes=\"auto, (max-width: 1128px) 100vw, 1128px\" \/><\/p>\n<\/div><\/div><\/div><\/div><div id=\"pg-6994-2\"  class=\"panel-grid panel-no-style\" ><div id=\"pgc-6994-2-0\"  class=\"panel-grid-cell\" ><div id=\"panel-6994-2-0-0\" class=\"so-panel widget widget_qt_icon_box widget-icon-box panel-first-child\" data-index=\"2\" >\t\t\t\t<a class=\"icon-box icon-big\" href=\"https:\/\/goksuteppichreinigung.de\/tr\/iletisim\" >\n\t\t\t\t\t\t\t\t<i class=\"fa fa-phone\"><\/i>\n\t\t\t\t\t<h6 class=\"title\">Bize Ula\u015f\u0131n<\/h6>\n\t\t\t\t\t\t\t\t\t\t\t<span class=\"subtitle\">Akl\u0131n\u0131za tak\u0131lan t\u00fcm soru ve sorunlar\u0131n\u0131z i\u00e7in \u00e7ekinmeden bize ula\u015fabilirsiniz<\/span>\n\t\t\t\t\t\t\t\t<\/a>\n\n\t\t\t<\/div><div id=\"panel-6994-2-0-1\" class=\"so-panel widget widget_qt_icon_box widget-icon-box panel-last-child\" data-index=\"3\" >\t\t\t\t<a class=\"icon-box icon-big\" href=\"https:\/\/goksuteppichreinigung.de\/tr\/servis-talep\" >\n\t\t\t\t\t\t\t\t<i class=\"fa fa-calendar-o\"><\/i>\n\t\t\t\t\t<h6 class=\"title\">Koltuk Y\u0131kama Talep Formu<\/h6>\n\t\t\t\t\t\t\t\t\t\t\t<span class=\"subtitle\">Koltuk y\u0131kama talep formu ile bilgilerini girin, en k\u0131sa s\u00fcrede sizi arayal\u0131m.<\/span>\n\t\t\t\t\t\t\t\t<\/a>\n\n\t\t\t<\/div><\/div><div id=\"pgc-6994-2-1\"  class=\"panel-grid-cell\" ><div id=\"panel-6994-2-1-0\" class=\"so-panel widget widget_black-studio-tinymce widget_black_studio_tinymce panel-first-child panel-last-child\" data-index=\"4\" ><div class=\"textwidget\"><h3>G\u00f6ksu Hal\u0131 Y\u0131kama - Koltuk Y\u0131kama<\/h3>\n<p>G\u00f6ksu Hal\u0131 Y\u0131kama olarak m\u00fc\u015fterilerimize sundu\u011fumuz koltuk y\u0131kama hizmetimiz, uzman ekiplerimiz ve son teknoloji ekipmanlar\u0131m\u0131z ile en kaliteli \u015fekilde ger\u00e7ekle\u015ftirilmekteyiz.<\/p>\n<p><span style=\"color: #a2c046; font-size: 18px;\"><span class=\"icon-wrap\"><i class=\"fa fa-check-circle-o\"><\/i><\/span><\/span> Bizi arayarak, formu doldurarak talepte bulunun<br \/>\n<span style=\"color: #a2c046; font-size: 18px;\"><span class=\"icon-wrap\"><i class=\"fa fa-check-circle-o\"><\/i><\/span><\/span> Ekibimiz size uygun zamanda gelip koltuklar\u0131n\u0131z\u0131 y\u0131kas\u0131n<br \/>\n<span style=\"color: #a2c046; font-size: 18px;\"><span class=\"icon-wrap\"><i class=\"fa fa-check-circle-o\"><\/i><\/span><\/span> Kullanm\u0131\u015f oldu\u011fumuz \u00f6zel temizlik \u00fcr\u00fcnleri sayesinde koltuklar\u0131n\u0131z\u0131n derinlemesine temizlenir<br \/>\n<span style=\"color: #a2c046; font-size: 18px;\"><span class=\"icon-wrap\"><i class=\"fa fa-check-circle-o\"><\/i><\/span><\/span> Her t\u00fcrl\u00fc kuma\u015f ve y\u00fczeye uygun temizlik y\u00f6ntemleri kullan\u0131l\u0131r<br \/>\n<span style=\"color: #a2c046; font-size: 18px;\"><span class=\"icon-wrap\"><i class=\"fa fa-check-circle-o\"><\/i><\/span><\/span> Koltuklar\u0131n\u0131z\u0131n ilk g\u00fcnk\u00fc gibi parlak ve hijyenik olmas\u0131 sa\u011flan\u0131r<\/p>\n<\/div><\/div><\/div><\/div><\/div>","protected":false},"excerpt":{"rendered":"<p>G\u00f6ksu Hal\u0131 Y\u0131kama olarak m\u00fc\u015fterilerimize sundu\u011fumuz koltuk y\u0131kama hizmetimizle, evinizdeki veya i\u015f yerinizdeki koltuklar\u0131n\u0131z\u0131 yeniden canland\u0131r\u0131yoruz. Profesyonel ekipmanlar\u0131m\u0131z ve uzman kadromuz sayesinde, her t\u00fcrl\u00fc lekeyi ve kirleri en etkili \u015fekilde temizliyoruz. Kulland\u0131\u011f\u0131m\u0131z \u00f6zel temizlik \u00fcr\u00fcnleri sayesinde koltuklar\u0131n\u0131z\u0131n dokusuna zarar vermeden derinlemesine bir temizlik sa\u011fl\u0131yoruz. G\u00f6ksu Hal\u0131 Y\u0131kama olarak kaliteli hizmet anlay\u0131\u015f\u0131m\u0131zla m\u00fc\u015fteri memnuniyetini her zaman [&hellip;]<\/p>\n","protected":false},"author":1,"featured_media":7114,"parent":0,"menu_order":0,"comment_status":"closed","ping_status":"closed","template":"","meta":{"footnotes":""},"class_list":["post-6994","page","type-page","status-publish","has-post-thumbnail","hentry"],"yoast_head":"<!-- This site is optimized with the Yoast SEO plugin v27.4 - https:\/\/yoast.com\/product\/yoast-seo-wordpress\/ -->\n<title>Koltuk Y\u0131kama - G\u00f6ksu Hal\u0131 Y\u0131kama<\/title>\n<meta name=\"description\" content=\"G\u00f6ksu hal\u0131 y\u0131kama, en kaliteli koltuk y\u0131kama hizmetini sunuyor. Profesyonel ekibimiz ve son teknoloji ekipmanlarla, koltuklar\u0131n\u0131z tertemiz olacak.\" \/>\n<meta name=\"robots\" content=\"index, follow, max-snippet:-1, max-image-preview:large, max-video-preview:-1\" \/>\n<link rel=\"canonical\" href=\"https:\/\/goksuteppichreinigung.de\/tr\/koltuk-yikama\" \/>\n<meta property=\"og:locale\" content=\"tr_TR\" \/>\n<meta property=\"og:type\" content=\"article\" \/>\n<meta property=\"og:title\" content=\"Koltuk Y\u0131kama - G\u00f6ksu Hal\u0131 Y\u0131kama\" \/>\n<meta property=\"og:description\" content=\"G\u00f6ksu hal\u0131 y\u0131kama, en kaliteli koltuk y\u0131kama hizmetini sunuyor. Profesyonel ekibimiz ve son teknoloji ekipmanlarla, koltuklar\u0131n\u0131z tertemiz olacak.\" \/>\n<meta property=\"og:url\" content=\"https:\/\/goksuteppichreinigung.de\/tr\/koltuk-yikama\" \/>\n<meta property=\"og:site_name\" content=\"G\u00f6ksu Hal\u0131 Y\u0131kama\" \/>\n<meta property=\"article:modified_time\" content=\"2024-05-24T12:42:23+00:00\" \/>\n<meta property=\"og:image\" content=\"https:\/\/goksuteppichreinigung.de\/tr\/wp-content\/uploads\/2018\/03\/3-e1520179959185.jpg\" \/>\n\t<meta property=\"og:image:width\" content=\"670\" \/>\n\t<meta property=\"og:image:height\" content=\"356\" \/>\n\t<meta property=\"og:image:type\" content=\"image\/jpeg\" \/>\n<meta name=\"twitter:card\" content=\"summary_large_image\" \/>\n<meta name=\"twitter:label1\" content=\"Tahmini okuma s\u00fcresi\" \/>\n\t<meta name=\"twitter:data1\" content=\"2 dakika\" \/>\n<script type=\"application\/ld+json\" class=\"yoast-schema-graph\">{\"@context\":\"https:\\\/\\\/schema.org\",\"@graph\":[{\"@type\":\"WebPage\",\"@id\":\"https:\\\/\\\/goksuteppichreinigung.de\\\/tr\\\/koltuk-yikama\",\"url\":\"https:\\\/\\\/goksuteppichreinigung.de\\\/tr\\\/koltuk-yikama\",\"name\":\"Koltuk Y\u0131kama - G\u00f6ksu Hal\u0131 Y\u0131kama\",\"isPartOf\":{\"@id\":\"https:\\\/\\\/goksuteppichreinigung.de\\\/tr\\\/#website\"},\"primaryImageOfPage\":{\"@id\":\"https:\\\/\\\/goksuteppichreinigung.de\\\/tr\\\/koltuk-yikama#primaryimage\"},\"image\":{\"@id\":\"https:\\\/\\\/goksuteppichreinigung.de\\\/tr\\\/koltuk-yikama#primaryimage\"},\"thumbnailUrl\":\"https:\\\/\\\/goksuteppichreinigung.de\\\/tr\\\/wp-content\\\/uploads\\\/2018\\\/03\\\/3-e1520179959185.jpg\",\"datePublished\":\"2018-03-03T16:51:44+00:00\",\"dateModified\":\"2024-05-24T12:42:23+00:00\",\"description\":\"G\u00f6ksu hal\u0131 y\u0131kama, en kaliteli koltuk y\u0131kama hizmetini sunuyor. Profesyonel ekibimiz ve son teknoloji ekipmanlarla, koltuklar\u0131n\u0131z tertemiz olacak.\",\"breadcrumb\":{\"@id\":\"https:\\\/\\\/goksuteppichreinigung.de\\\/tr\\\/koltuk-yikama#breadcrumb\"},\"inLanguage\":\"tr\",\"potentialAction\":[{\"@type\":\"ReadAction\",\"target\":[\"https:\\\/\\\/goksuteppichreinigung.de\\\/tr\\\/koltuk-yikama\"]}]},{\"@type\":\"ImageObject\",\"inLanguage\":\"tr\",\"@id\":\"https:\\\/\\\/goksuteppichreinigung.de\\\/tr\\\/koltuk-yikama#primaryimage\",\"url\":\"https:\\\/\\\/goksuteppichreinigung.de\\\/tr\\\/wp-content\\\/uploads\\\/2018\\\/03\\\/3-e1520179959185.jpg\",\"contentUrl\":\"https:\\\/\\\/goksuteppichreinigung.de\\\/tr\\\/wp-content\\\/uploads\\\/2018\\\/03\\\/3-e1520179959185.jpg\",\"width\":670,\"height\":356},{\"@type\":\"BreadcrumbList\",\"@id\":\"https:\\\/\\\/goksuteppichreinigung.de\\\/tr\\\/koltuk-yikama#breadcrumb\",\"itemListElement\":[{\"@type\":\"ListItem\",\"position\":1,\"name\":\"Ana sayfa\",\"item\":\"https:\\\/\\\/goksuteppichreinigung.de\\\/tr\\\/\"},{\"@type\":\"ListItem\",\"position\":2,\"name\":\"Koltuk Y\u0131kama\"}]},{\"@type\":\"WebSite\",\"@id\":\"https:\\\/\\\/goksuteppichreinigung.de\\\/tr\\\/#website\",\"url\":\"https:\\\/\\\/goksuteppichreinigung.de\\\/tr\\\/\",\"name\":\"G\u00f6ksu Hal\u0131 Y\u0131kama\",\"description\":\"\",\"potentialAction\":[{\"@type\":\"SearchAction\",\"target\":{\"@type\":\"EntryPoint\",\"urlTemplate\":\"https:\\\/\\\/goksuteppichreinigung.de\\\/tr\\\/?s={search_term_string}\"},\"query-input\":{\"@type\":\"PropertyValueSpecification\",\"valueRequired\":true,\"valueName\":\"search_term_string\"}}],\"inLanguage\":\"tr\"}]}<\/script>\n<!-- \/ Yoast SEO plugin. -->","yoast_head_json":{"title":"Koltuk Y\u0131kama - G\u00f6ksu Hal\u0131 Y\u0131kama","description":"G\u00f6ksu hal\u0131 y\u0131kama, en kaliteli koltuk y\u0131kama hizmetini sunuyor. Profesyonel ekibimiz ve son teknoloji ekipmanlarla, koltuklar\u0131n\u0131z tertemiz olacak.","robots":{"index":"index","follow":"follow","max-snippet":"max-snippet:-1","max-image-preview":"max-image-preview:large","max-video-preview":"max-video-preview:-1"},"canonical":"https:\/\/goksuteppichreinigung.de\/tr\/koltuk-yikama","og_locale":"tr_TR","og_type":"article","og_title":"Koltuk Y\u0131kama - G\u00f6ksu Hal\u0131 Y\u0131kama","og_description":"G\u00f6ksu hal\u0131 y\u0131kama, en kaliteli koltuk y\u0131kama hizmetini sunuyor. Profesyonel ekibimiz ve son teknoloji ekipmanlarla, koltuklar\u0131n\u0131z tertemiz olacak.","og_url":"https:\/\/goksuteppichreinigung.de\/tr\/koltuk-yikama","og_site_name":"G\u00f6ksu Hal\u0131 Y\u0131kama","article_modified_time":"2024-05-24T12:42:23+00:00","og_image":[{"width":670,"height":356,"url":"https:\/\/goksuteppichreinigung.de\/tr\/wp-content\/uploads\/2018\/03\/3-e1520179959185.jpg","type":"image\/jpeg"}],"twitter_card":"summary_large_image","twitter_misc":{"Tahmini okuma s\u00fcresi":"2 dakika"},"schema":{"@context":"https:\/\/schema.org","@graph":[{"@type":"WebPage","@id":"https:\/\/goksuteppichreinigung.de\/tr\/koltuk-yikama","url":"https:\/\/goksuteppichreinigung.de\/tr\/koltuk-yikama","name":"Koltuk Y\u0131kama - G\u00f6ksu Hal\u0131 Y\u0131kama","isPartOf":{"@id":"https:\/\/goksuteppichreinigung.de\/tr\/#website"},"primaryImageOfPage":{"@id":"https:\/\/goksuteppichreinigung.de\/tr\/koltuk-yikama#primaryimage"},"image":{"@id":"https:\/\/goksuteppichreinigung.de\/tr\/koltuk-yikama#primaryimage"},"thumbnailUrl":"https:\/\/goksuteppichreinigung.de\/tr\/wp-content\/uploads\/2018\/03\/3-e1520179959185.jpg","datePublished":"2018-03-03T16:51:44+00:00","dateModified":"2024-05-24T12:42:23+00:00","description":"G\u00f6ksu hal\u0131 y\u0131kama, en kaliteli koltuk y\u0131kama hizmetini sunuyor. Profesyonel ekibimiz ve son teknoloji ekipmanlarla, koltuklar\u0131n\u0131z tertemiz olacak.","breadcrumb":{"@id":"https:\/\/goksuteppichreinigung.de\/tr\/koltuk-yikama#breadcrumb"},"inLanguage":"tr","potentialAction":[{"@type":"ReadAction","target":["https:\/\/goksuteppichreinigung.de\/tr\/koltuk-yikama"]}]},{"@type":"ImageObject","inLanguage":"tr","@id":"https:\/\/goksuteppichreinigung.de\/tr\/koltuk-yikama#primaryimage","url":"https:\/\/goksuteppichreinigung.de\/tr\/wp-content\/uploads\/2018\/03\/3-e1520179959185.jpg","contentUrl":"https:\/\/goksuteppichreinigung.de\/tr\/wp-content\/uploads\/2018\/03\/3-e1520179959185.jpg","width":670,"height":356},{"@type":"BreadcrumbList","@id":"https:\/\/goksuteppichreinigung.de\/tr\/koltuk-yikama#breadcrumb","itemListElement":[{"@type":"ListItem","position":1,"name":"Ana sayfa","item":"https:\/\/goksuteppichreinigung.de\/tr\/"},{"@type":"ListItem","position":2,"name":"Koltuk Y\u0131kama"}]},{"@type":"WebSite","@id":"https:\/\/goksuteppichreinigung.de\/tr\/#website","url":"https:\/\/goksuteppichreinigung.de\/tr\/","name":"G\u00f6ksu Hal\u0131 Y\u0131kama","description":"","potentialAction":[{"@type":"SearchAction","target":{"@type":"EntryPoint","urlTemplate":"https:\/\/goksuteppichreinigung.de\/tr\/?s={search_term_string}"},"query-input":{"@type":"PropertyValueSpecification","valueRequired":true,"valueName":"search_term_string"}}],"inLanguage":"tr"}]}},"_links":{"self":[{"href":"https:\/\/goksuteppichreinigung.de\/tr\/wp-json\/wp\/v2\/pages\/6994","targetHints":{"allow":["GET"]}}],"collection":[{"href":"https:\/\/goksuteppichreinigung.de\/tr\/wp-json\/wp\/v2\/pages"}],"about":[{"href":"https:\/\/goksuteppichreinigung.de\/tr\/wp-json\/wp\/v2\/types\/page"}],"author":[{"embeddable":true,"href":"https:\/\/goksuteppichreinigung.de\/tr\/wp-json\/wp\/v2\/users\/1"}],"replies":[{"embeddable":true,"href":"https:\/\/goksuteppichreinigung.de\/tr\/wp-json\/wp\/v2\/comments?post=6994"}],"version-history":[{"count":0,"href":"https:\/\/goksuteppichreinigung.de\/tr\/wp-json\/wp\/v2\/pages\/6994\/revisions"}],"wp:featuredmedia":[{"embeddable":true,"href":"https:\/\/goksuteppichreinigung.de\/tr\/wp-json\/wp\/v2\/media\/7114"}],"wp:attachment":[{"href":"https:\/\/goksuteppichreinigung.de\/tr\/wp-json\/wp\/v2\/media?parent=6994"}],"curies":[{"name":"wp","href":"https:\/\/api.w.org\/{rel}","templated":true}]}}