{"id":6993,"date":"2018-03-03T19:48:58","date_gmt":"2018-03-03T16:48:58","guid":{"rendered":"https:\/\/goksuteppichreinigung.de\/tr\/?page_id=6993"},"modified":"2024-05-24T15:27:56","modified_gmt":"2024-05-24T12:27:56","slug":"perde-yikama","status":"publish","type":"page","link":"https:\/\/goksuteppichreinigung.de\/tr\/perde-yikama","title":{"rendered":"Perde Y\u0131kama"},"content":{"rendered":"<div id=\"pl-6993\"  class=\"panel-layout\" ><div id=\"pg-6993-0\"  class=\"panel-grid panel-no-style\" ><div id=\"pgc-6993-0-0\"  class=\"panel-grid-cell\" ><div id=\"panel-6993-0-0-0\" class=\"so-panel widget widget_black-studio-tinymce widget_black_studio_tinymce panel-first-child panel-last-child\" data-index=\"0\" ><div class=\"textwidget\"><p>G\u00f6ksu Hal\u0131 Y\u0131kama olarak, perde y\u0131kama hizmetlerimizle m\u00fc\u015fterilerimize en kaliteli ve g\u00fcvenilir hizmeti sunmaktan gurur duyuyoruz.<\/p>\n<p>Stor perdelerinizden \u00f6rme perdelerinize, jaluzilerden t\u00fcl perdelerinize kadar her t\u00fcrl\u00fc perdeyi titizlikle temizliyor ve hijyenik bir \u015fekilde teslim ediyoruz. Profesyonel ekipmanlar\u0131m\u0131z ve uzman kadromuz sayesinde her t\u00fcrl\u00fc lekeyi kolayca \u00e7\u0131kararak perdenizin ilk g\u00fcnk\u00fc gibi parlak olmas\u0131n\u0131 sa\u011fl\u0131yoruz.<\/p>\n<p>M\u00fc\u015fteri memnuniyetini \u00f6n planda tutarak \u00e7al\u0131\u015fan G\u00f6ksu Hal\u0131 Y\u0131kama, siz de\u011ferli m\u00fc\u015fterilerimizin evlerindeki dekorasyonun tamamlay\u0131c\u0131 unsuru olan perdelerinizi en iyi \u015fekilde temizlemek i\u00e7in burada!<\/p>\n<\/div><\/div><\/div><\/div><div id=\"pg-6993-1\"  class=\"panel-grid panel-no-style\" ><div id=\"pgc-6993-1-0\"  class=\"panel-grid-cell\" ><div id=\"panel-6993-1-0-0\" class=\"so-panel widget widget_black-studio-tinymce widget_black_studio_tinymce panel-first-child panel-last-child\" data-index=\"1\" ><div class=\"textwidget\"><p><img loading=\"lazy\" decoding=\"async\" class=\"size-full wp-image-6403 aligncenter\" src=\"http:\/\/export-xml.qreativethemes.com\/thelandscaper\/wp-content\/uploads\/sites\/2\/2015\/07\/img_divider.png\" alt=\"img_divider\" width=\"1128\" height=\"14\" srcset=\"https:\/\/goksuteppichreinigung.de\/tr\/wp-content\/uploads\/2015\/07\/img_divider.png 1128w, https:\/\/goksuteppichreinigung.de\/tr\/wp-content\/uploads\/2015\/07\/img_divider-300x4.png 300w, https:\/\/goksuteppichreinigung.de\/tr\/wp-content\/uploads\/2015\/07\/img_divider-768x10.png 768w, https:\/\/goksuteppichreinigung.de\/tr\/wp-content\/uploads\/2015\/07\/img_divider-1024x13.png 1024w, https:\/\/goksuteppichreinigung.de\/tr\/wp-content\/uploads\/2015\/07\/img_divider-600x7.png 600w\" sizes=\"auto, (max-width: 1128px) 100vw, 1128px\" \/><\/p>\n<\/div><\/div><\/div><\/div><div id=\"pg-6993-2\"  class=\"panel-grid panel-no-style\" ><div id=\"pgc-6993-2-0\"  class=\"panel-grid-cell\" ><div id=\"panel-6993-2-0-0\" class=\"so-panel widget widget_qt_icon_box widget-icon-box panel-first-child\" data-index=\"2\" >\t\t\t\t<a class=\"icon-box icon-big\" href=\"https:\/\/goksuteppichreinigung.de\/tr\/iletisim\" >\n\t\t\t\t\t\t\t\t<i class=\"fa fa-phone\"><\/i>\n\t\t\t\t\t<h6 class=\"title\">Bize Ula\u015f\u0131n<\/h6>\n\t\t\t\t\t\t\t\t\t\t\t<span class=\"subtitle\">Akl\u0131n\u0131za tak\u0131lan t\u00fcm soru ve sorunlar\u0131n\u0131z i\u00e7in \u00e7ekinmeden bize ula\u015fabilirsiniz<\/span>\n\t\t\t\t\t\t\t\t<\/a>\n\n\t\t\t<\/div><div id=\"panel-6993-2-0-1\" class=\"so-panel widget widget_qt_icon_box widget-icon-box panel-last-child\" data-index=\"3\" >\t\t\t\t<a class=\"icon-box icon-big\" href=\"https:\/\/goksuteppichreinigung.de\/tr\/servis-talep\" >\n\t\t\t\t\t\t\t\t<i class=\"fa fa-calendar-o\"><\/i>\n\t\t\t\t\t<h6 class=\"title\">Perde Y\u0131kama Talep Formu<\/h6>\n\t\t\t\t\t\t\t\t\t\t\t<span class=\"subtitle\">Perde y\u0131kama talep formu ile bilgilerini girin, en k\u0131sa s\u00fcrede sizi arayal\u0131m.<\/span>\n\t\t\t\t\t\t\t\t<\/a>\n\n\t\t\t<\/div><\/div><div id=\"pgc-6993-2-1\"  class=\"panel-grid-cell\" ><div id=\"panel-6993-2-1-0\" class=\"so-panel widget widget_black-studio-tinymce widget_black_studio_tinymce panel-first-child panel-last-child\" data-index=\"4\" ><div class=\"textwidget\"><h3>G\u00f6ksu Hal\u0131 Y\u0131kama - Perde Y\u0131kama<\/h3>\n<p>G\u00f6ksu Hal\u0131 Y\u0131kama olarak, perde y\u0131kama hizmetlerimizle m\u00fc\u015fterilerimize en kaliteli ve g\u00fcvenilir \u00e7\u00f6z\u00fcmleri sunuyoruz. Profesyonel ekipmanlar\u0131m\u0131z ve deneyimli personelimiz sayesinde her t\u00fcrl\u00fc perdeyi titizlikle temizleyerek ilk g\u00fcnk\u00fc gibi parlak ve canl\u0131 bir g\u00f6r\u00fcn\u00fcm kazand\u0131r\u0131yoruz.<\/p>\n<p><span style=\"color: #a2c046; font-size: 18px;\"><span class=\"icon-wrap\"><i class=\"fa fa-check-circle-o\"><\/i><\/span><\/span> Bizi arayarak, formu doldurarak talepte bulunun<br \/>\n<span style=\"color: #a2c046; font-size: 18px;\"><span class=\"icon-wrap\"><i class=\"fa fa-check-circle-o\"><\/i><\/span><\/span> Ekibimiz size uygun zamanda gelip perdenizi als\u0131n<br \/>\n<span style=\"color: #a2c046; font-size: 18px;\"><span class=\"icon-wrap\"><i class=\"fa fa-check-circle-o\"><\/i><\/span><\/span> Perdeleriniz \u00f6zenle, el de\u011fmeden y\u0131kans\u0131n<br \/>\n<span style=\"color: #a2c046; font-size: 18px;\"><span class=\"icon-wrap\"><i class=\"fa fa-check-circle-o\"><\/i><\/span><\/span> Kalite kontrolden ge\u00e7erek tekrar servis arac\u0131na y\u00fcklensin<br \/>\n<span style=\"color: #a2c046; font-size: 18px;\"><span class=\"icon-wrap\"><i class=\"fa fa-check-circle-o\"><\/i><\/span><\/span> Talep etti\u011finiz zamanda servisimiz perdelerinizi teslim etsin<\/p>\n<\/div><\/div><\/div><\/div><\/div>","protected":false},"excerpt":{"rendered":"<p>G\u00f6ksu Hal\u0131 Y\u0131kama olarak, perde y\u0131kama hizmetlerimizle m\u00fc\u015fterilerimize en kaliteli ve g\u00fcvenilir hizmeti sunmaktan gurur duyuyoruz. Stor perdelerinizden \u00f6rme perdelerinize, jaluzilerden t\u00fcl perdelerinize kadar her t\u00fcrl\u00fc perdeyi titizlikle temizliyor ve hijyenik bir \u015fekilde teslim ediyoruz. Profesyonel ekipmanlar\u0131m\u0131z ve uzman kadromuz sayesinde her t\u00fcrl\u00fc lekeyi kolayca \u00e7\u0131kararak perdenizin ilk g\u00fcnk\u00fc gibi parlak olmas\u0131n\u0131 sa\u011fl\u0131yoruz. M\u00fc\u015fteri memnuniyetini [&hellip;]<\/p>\n","protected":false},"author":1,"featured_media":7050,"parent":0,"menu_order":0,"comment_status":"closed","ping_status":"closed","template":"","meta":{"footnotes":""},"class_list":["post-6993","page","type-page","status-publish","has-post-thumbnail","hentry"],"yoast_head":"<!-- This site is optimized with the Yoast SEO plugin v27.4 - https:\/\/yoast.com\/product\/yoast-seo-wordpress\/ -->\n<title>Perde Y\u0131kama - G\u00f6ksu Hal\u0131 Y\u0131kama<\/title>\n<meta name=\"description\" content=\"G\u00f6ksu Hal\u0131 Y\u0131kama olarak, perde y\u0131kama hizmetimizle evinizin t\u00fcm perdelerini hijyenik ve kaliteli bir \u015fekilde temizliyoruz.\" \/>\n<meta name=\"robots\" content=\"index, follow, max-snippet:-1, max-image-preview:large, max-video-preview:-1\" \/>\n<link rel=\"canonical\" href=\"https:\/\/goksuteppichreinigung.de\/tr\/perde-yikama\" \/>\n<meta property=\"og:locale\" content=\"tr_TR\" \/>\n<meta property=\"og:type\" content=\"article\" \/>\n<meta property=\"og:title\" content=\"Perde Y\u0131kama - G\u00f6ksu Hal\u0131 Y\u0131kama\" \/>\n<meta property=\"og:description\" content=\"G\u00f6ksu Hal\u0131 Y\u0131kama olarak, perde y\u0131kama hizmetimizle evinizin t\u00fcm perdelerini hijyenik ve kaliteli bir \u015fekilde temizliyoruz.\" \/>\n<meta property=\"og:url\" content=\"https:\/\/goksuteppichreinigung.de\/tr\/perde-yikama\" \/>\n<meta property=\"og:site_name\" content=\"G\u00f6ksu Hal\u0131 Y\u0131kama\" \/>\n<meta property=\"article:modified_time\" content=\"2024-05-24T12:27:56+00:00\" \/>\n<meta property=\"og:image\" content=\"https:\/\/goksuteppichreinigung.de\/tr\/wp-content\/uploads\/2018\/03\/Carpet-on-floor.jpg\" \/>\n\t<meta property=\"og:image:width\" content=\"689\" \/>\n\t<meta property=\"og:image:height\" content=\"380\" \/>\n\t<meta property=\"og:image:type\" content=\"image\/jpeg\" \/>\n<meta name=\"twitter:card\" content=\"summary_large_image\" \/>\n<meta name=\"twitter:label1\" content=\"Tahmini okuma s\u00fcresi\" \/>\n\t<meta name=\"twitter:data1\" content=\"2 dakika\" \/>\n<script type=\"application\/ld+json\" class=\"yoast-schema-graph\">{\"@context\":\"https:\\\/\\\/schema.org\",\"@graph\":[{\"@type\":\"WebPage\",\"@id\":\"https:\\\/\\\/goksuteppichreinigung.de\\\/tr\\\/perde-yikama\",\"url\":\"https:\\\/\\\/goksuteppichreinigung.de\\\/tr\\\/perde-yikama\",\"name\":\"Perde Y\u0131kama - G\u00f6ksu Hal\u0131 Y\u0131kama\",\"isPartOf\":{\"@id\":\"https:\\\/\\\/goksuteppichreinigung.de\\\/tr\\\/#website\"},\"primaryImageOfPage\":{\"@id\":\"https:\\\/\\\/goksuteppichreinigung.de\\\/tr\\\/perde-yikama#primaryimage\"},\"image\":{\"@id\":\"https:\\\/\\\/goksuteppichreinigung.de\\\/tr\\\/perde-yikama#primaryimage\"},\"thumbnailUrl\":\"https:\\\/\\\/goksuteppichreinigung.de\\\/tr\\\/wp-content\\\/uploads\\\/2018\\\/03\\\/Carpet-on-floor.jpg\",\"datePublished\":\"2018-03-03T16:48:58+00:00\",\"dateModified\":\"2024-05-24T12:27:56+00:00\",\"description\":\"G\u00f6ksu Hal\u0131 Y\u0131kama olarak, perde y\u0131kama hizmetimizle evinizin t\u00fcm perdelerini hijyenik ve kaliteli bir \u015fekilde temizliyoruz.\",\"breadcrumb\":{\"@id\":\"https:\\\/\\\/goksuteppichreinigung.de\\\/tr\\\/perde-yikama#breadcrumb\"},\"inLanguage\":\"tr\",\"potentialAction\":[{\"@type\":\"ReadAction\",\"target\":[\"https:\\\/\\\/goksuteppichreinigung.de\\\/tr\\\/perde-yikama\"]}]},{\"@type\":\"ImageObject\",\"inLanguage\":\"tr\",\"@id\":\"https:\\\/\\\/goksuteppichreinigung.de\\\/tr\\\/perde-yikama#primaryimage\",\"url\":\"https:\\\/\\\/goksuteppichreinigung.de\\\/tr\\\/wp-content\\\/uploads\\\/2018\\\/03\\\/Carpet-on-floor.jpg\",\"contentUrl\":\"https:\\\/\\\/goksuteppichreinigung.de\\\/tr\\\/wp-content\\\/uploads\\\/2018\\\/03\\\/Carpet-on-floor.jpg\",\"width\":689,\"height\":380},{\"@type\":\"BreadcrumbList\",\"@id\":\"https:\\\/\\\/goksuteppichreinigung.de\\\/tr\\\/perde-yikama#breadcrumb\",\"itemListElement\":[{\"@type\":\"ListItem\",\"position\":1,\"name\":\"Ana sayfa\",\"item\":\"https:\\\/\\\/goksuteppichreinigung.de\\\/tr\\\/\"},{\"@type\":\"ListItem\",\"position\":2,\"name\":\"Perde Y\u0131kama\"}]},{\"@type\":\"WebSite\",\"@id\":\"https:\\\/\\\/goksuteppichreinigung.de\\\/tr\\\/#website\",\"url\":\"https:\\\/\\\/goksuteppichreinigung.de\\\/tr\\\/\",\"name\":\"G\u00f6ksu Hal\u0131 Y\u0131kama\",\"description\":\"\",\"potentialAction\":[{\"@type\":\"SearchAction\",\"target\":{\"@type\":\"EntryPoint\",\"urlTemplate\":\"https:\\\/\\\/goksuteppichreinigung.de\\\/tr\\\/?s={search_term_string}\"},\"query-input\":{\"@type\":\"PropertyValueSpecification\",\"valueRequired\":true,\"valueName\":\"search_term_string\"}}],\"inLanguage\":\"tr\"}]}<\/script>\n<!-- \/ Yoast SEO plugin. -->","yoast_head_json":{"title":"Perde Y\u0131kama - G\u00f6ksu Hal\u0131 Y\u0131kama","description":"G\u00f6ksu Hal\u0131 Y\u0131kama olarak, perde y\u0131kama hizmetimizle evinizin t\u00fcm perdelerini hijyenik ve kaliteli bir \u015fekilde temizliyoruz.","robots":{"index":"index","follow":"follow","max-snippet":"max-snippet:-1","max-image-preview":"max-image-preview:large","max-video-preview":"max-video-preview:-1"},"canonical":"https:\/\/goksuteppichreinigung.de\/tr\/perde-yikama","og_locale":"tr_TR","og_type":"article","og_title":"Perde Y\u0131kama - G\u00f6ksu Hal\u0131 Y\u0131kama","og_description":"G\u00f6ksu Hal\u0131 Y\u0131kama olarak, perde y\u0131kama hizmetimizle evinizin t\u00fcm perdelerini hijyenik ve kaliteli bir \u015fekilde temizliyoruz.","og_url":"https:\/\/goksuteppichreinigung.de\/tr\/perde-yikama","og_site_name":"G\u00f6ksu Hal\u0131 Y\u0131kama","article_modified_time":"2024-05-24T12:27:56+00:00","og_image":[{"width":689,"height":380,"url":"https:\/\/goksuteppichreinigung.de\/tr\/wp-content\/uploads\/2018\/03\/Carpet-on-floor.jpg","type":"image\/jpeg"}],"twitter_card":"summary_large_image","twitter_misc":{"Tahmini okuma s\u00fcresi":"2 dakika"},"schema":{"@context":"https:\/\/schema.org","@graph":[{"@type":"WebPage","@id":"https:\/\/goksuteppichreinigung.de\/tr\/perde-yikama","url":"https:\/\/goksuteppichreinigung.de\/tr\/perde-yikama","name":"Perde Y\u0131kama - G\u00f6ksu Hal\u0131 Y\u0131kama","isPartOf":{"@id":"https:\/\/goksuteppichreinigung.de\/tr\/#website"},"primaryImageOfPage":{"@id":"https:\/\/goksuteppichreinigung.de\/tr\/perde-yikama#primaryimage"},"image":{"@id":"https:\/\/goksuteppichreinigung.de\/tr\/perde-yikama#primaryimage"},"thumbnailUrl":"https:\/\/goksuteppichreinigung.de\/tr\/wp-content\/uploads\/2018\/03\/Carpet-on-floor.jpg","datePublished":"2018-03-03T16:48:58+00:00","dateModified":"2024-05-24T12:27:56+00:00","description":"G\u00f6ksu Hal\u0131 Y\u0131kama olarak, perde y\u0131kama hizmetimizle evinizin t\u00fcm perdelerini hijyenik ve kaliteli bir \u015fekilde temizliyoruz.","breadcrumb":{"@id":"https:\/\/goksuteppichreinigung.de\/tr\/perde-yikama#breadcrumb"},"inLanguage":"tr","potentialAction":[{"@type":"ReadAction","target":["https:\/\/goksuteppichreinigung.de\/tr\/perde-yikama"]}]},{"@type":"ImageObject","inLanguage":"tr","@id":"https:\/\/goksuteppichreinigung.de\/tr\/perde-yikama#primaryimage","url":"https:\/\/goksuteppichreinigung.de\/tr\/wp-content\/uploads\/2018\/03\/Carpet-on-floor.jpg","contentUrl":"https:\/\/goksuteppichreinigung.de\/tr\/wp-content\/uploads\/2018\/03\/Carpet-on-floor.jpg","width":689,"height":380},{"@type":"BreadcrumbList","@id":"https:\/\/goksuteppichreinigung.de\/tr\/perde-yikama#breadcrumb","itemListElement":[{"@type":"ListItem","position":1,"name":"Ana sayfa","item":"https:\/\/goksuteppichreinigung.de\/tr\/"},{"@type":"ListItem","position":2,"name":"Perde Y\u0131kama"}]},{"@type":"WebSite","@id":"https:\/\/goksuteppichreinigung.de\/tr\/#website","url":"https:\/\/goksuteppichreinigung.de\/tr\/","name":"G\u00f6ksu Hal\u0131 Y\u0131kama","description":"","potentialAction":[{"@type":"SearchAction","target":{"@type":"EntryPoint","urlTemplate":"https:\/\/goksuteppichreinigung.de\/tr\/?s={search_term_string}"},"query-input":{"@type":"PropertyValueSpecification","valueRequired":true,"valueName":"search_term_string"}}],"inLanguage":"tr"}]}},"_links":{"self":[{"href":"https:\/\/goksuteppichreinigung.de\/tr\/wp-json\/wp\/v2\/pages\/6993","targetHints":{"allow":["GET"]}}],"collection":[{"href":"https:\/\/goksuteppichreinigung.de\/tr\/wp-json\/wp\/v2\/pages"}],"about":[{"href":"https:\/\/goksuteppichreinigung.de\/tr\/wp-json\/wp\/v2\/types\/page"}],"author":[{"embeddable":true,"href":"https:\/\/goksuteppichreinigung.de\/tr\/wp-json\/wp\/v2\/users\/1"}],"replies":[{"embeddable":true,"href":"https:\/\/goksuteppichreinigung.de\/tr\/wp-json\/wp\/v2\/comments?post=6993"}],"version-history":[{"count":0,"href":"https:\/\/goksuteppichreinigung.de\/tr\/wp-json\/wp\/v2\/pages\/6993\/revisions"}],"wp:featuredmedia":[{"embeddable":true,"href":"https:\/\/goksuteppichreinigung.de\/tr\/wp-json\/wp\/v2\/media\/7050"}],"wp:attachment":[{"href":"https:\/\/goksuteppichreinigung.de\/tr\/wp-json\/wp\/v2\/media?parent=6993"}],"curies":[{"name":"wp","href":"https:\/\/api.w.org\/{rel}","templated":true}]}}