{"id":6992,"date":"2018-03-03T19:48:52","date_gmt":"2018-03-03T16:48:52","guid":{"rendered":"https:\/\/goksuteppichreinigung.de\/tr\/?page_id=6992"},"modified":"2024-05-24T15:16:34","modified_gmt":"2024-05-24T12:16:34","slug":"yorgan-yikama","status":"publish","type":"page","link":"https:\/\/goksuteppichreinigung.de\/tr\/yorgan-yikama","title":{"rendered":"Yorgan Y\u0131kama"},"content":{"rendered":"<div id=\"pl-6992\"  class=\"panel-layout\" ><div id=\"pg-6992-0\"  class=\"panel-grid panel-no-style\" ><div id=\"pgc-6992-0-0\"  class=\"panel-grid-cell\" ><div id=\"panel-6992-0-0-0\" class=\"so-panel widget widget_black-studio-tinymce widget_black_studio_tinymce panel-first-child panel-last-child\" data-index=\"0\" ><div class=\"textwidget\"><p>G\u00f6ksu Hal\u0131 Y\u0131kama olarak, m\u00fc\u015fterilerimize en kaliteli yorgan y\u0131kama hizmetlerini sunmaktay\u0131z. Uzman ekiplerimiz, her t\u00fcrl\u00fc yorgan\u0131 \u00f6zenle temizlemektedir.<\/p>\n<p>Y\u00fcn yorganlar\u0131n\u0131z\u0131n do\u011fal dokusunu koruyarak, pamuk yorganlar\u0131n\u0131z\u0131 yumu\u015fac\u0131k yaparak, bambu yorganlar\u0131n nefes alabilme \u00f6zelli\u011fini artt\u0131rarak ve elyaf yorganlar\u0131 da derinlemesine temizleyerek size tertemiz bir uyku deneyimi ya\u015fatmaktay\u0131z.<\/p>\n<p>G\u00f6ksu Hal\u0131 Y\u0131kama'n\u0131n profesyonel ekibi, g\u00fcvenilir ve etkili temizlik y\u00f6ntemleriyle her t\u00fcrden yorgana \u00f6zel bak\u0131m uygulamakta ve m\u00fc\u015fterilerinin memnuniyetini en \u00fcst seviyede tutmaktad\u0131r.<\/p>\n<\/div><\/div><\/div><\/div><div id=\"pg-6992-1\"  class=\"panel-grid panel-no-style\" ><div id=\"pgc-6992-1-0\"  class=\"panel-grid-cell\" ><div id=\"panel-6992-1-0-0\" class=\"so-panel widget widget_black-studio-tinymce widget_black_studio_tinymce panel-first-child panel-last-child\" data-index=\"1\" ><div class=\"textwidget\"><p><img loading=\"lazy\" decoding=\"async\" class=\"size-full wp-image-6403 aligncenter\" src=\"http:\/\/export-xml.qreativethemes.com\/thelandscaper\/wp-content\/uploads\/sites\/2\/2015\/07\/img_divider.png\" alt=\"img_divider\" width=\"1128\" height=\"14\" srcset=\"https:\/\/goksuteppichreinigung.de\/tr\/wp-content\/uploads\/2015\/07\/img_divider.png 1128w, https:\/\/goksuteppichreinigung.de\/tr\/wp-content\/uploads\/2015\/07\/img_divider-300x4.png 300w, https:\/\/goksuteppichreinigung.de\/tr\/wp-content\/uploads\/2015\/07\/img_divider-768x10.png 768w, https:\/\/goksuteppichreinigung.de\/tr\/wp-content\/uploads\/2015\/07\/img_divider-1024x13.png 1024w, https:\/\/goksuteppichreinigung.de\/tr\/wp-content\/uploads\/2015\/07\/img_divider-600x7.png 600w\" sizes=\"auto, (max-width: 1128px) 100vw, 1128px\" \/><\/p>\n<\/div><\/div><\/div><\/div><div id=\"pg-6992-2\"  class=\"panel-grid panel-no-style\" ><div id=\"pgc-6992-2-0\"  class=\"panel-grid-cell\" ><div id=\"panel-6992-2-0-0\" class=\"so-panel widget widget_qt_icon_box widget-icon-box panel-first-child\" data-index=\"2\" >\t\t\t\t<a class=\"icon-box icon-big\" href=\"https:\/\/goksuteppichreinigung.de\/tr\/iletisim\" >\n\t\t\t\t\t\t\t\t<i class=\"fa fa-phone\"><\/i>\n\t\t\t\t\t<h6 class=\"title\">Bize Ula\u015f\u0131n<\/h6>\n\t\t\t\t\t\t\t\t\t\t\t<span class=\"subtitle\">Akl\u0131n\u0131za tak\u0131lan t\u00fcm soru ve sorunlar\u0131n\u0131z i\u00e7in \u00e7ekinmeden bize ula\u015fabilirsiniz<\/span>\n\t\t\t\t\t\t\t\t<\/a>\n\n\t\t\t<\/div><div id=\"panel-6992-2-0-1\" class=\"so-panel widget widget_qt_icon_box widget-icon-box panel-last-child\" data-index=\"3\" >\t\t\t\t<a class=\"icon-box icon-big\" href=\"https:\/\/goksuteppichreinigung.de\/tr\/servis-talep\" >\n\t\t\t\t\t\t\t\t<i class=\"fa fa-calendar-o\"><\/i>\n\t\t\t\t\t<h6 class=\"title\">Yorgan Y\u0131kama Talep Formu<\/h6>\n\t\t\t\t\t\t\t\t\t\t\t<span class=\"subtitle\">Yorgan y\u0131kama talep formu ile bilgilerini girin, en k\u0131sa s\u00fcrede sizi arayal\u0131m.<\/span>\n\t\t\t\t\t\t\t\t<\/a>\n\n\t\t\t<\/div><\/div><div id=\"pgc-6992-2-1\"  class=\"panel-grid-cell\" ><div id=\"panel-6992-2-1-0\" class=\"so-panel widget widget_black-studio-tinymce widget_black_studio_tinymce panel-first-child panel-last-child\" data-index=\"4\" ><div class=\"textwidget\"><h3>G\u00f6ksu Hal\u0131 Y\u0131kama - Yorgan Y\u0131kama<\/h3>\n<p>G\u00f6ksu Hal\u0131 Y\u0131kama olarak, m\u00fc\u015fteri memnuniyeti odakl\u0131 yakla\u015f\u0131m\u0131m\u0131z sayesinde, y\u00fcn yorgan, pamuk yorgan, bambu yorgan ve elyaf yorgan gibi farkl\u0131 malzemelerden \u00fcretilmi\u015f olan t\u00fcm \u00e7e\u015fitleri \u00f6zenle temizliyoruz.<\/p>\n<p><span style=\"color: #a2c046; font-size: 18px;\"><span class=\"icon-wrap\"><i class=\"fa fa-check-circle-o\"><\/i><\/span><\/span> Bizi arayarak, formu doldurarak talepte bulunun<br \/>\n<span style=\"color: #a2c046; font-size: 18px;\"><span class=\"icon-wrap\"><i class=\"fa fa-check-circle-o\"><\/i><\/span><\/span> Ekibimiz size uygun zamanda gelip yorgan\u0131n\u0131z\u0131 als\u0131n<br \/>\n<span style=\"color: #a2c046; font-size: 18px;\"><span class=\"icon-wrap\"><i class=\"fa fa-check-circle-o\"><\/i><\/span><\/span> Yorganlar\u0131n\u0131z \u00f6zenle, el de\u011fmeden y\u0131kans\u0131n<br \/>\n<span style=\"color: #a2c046; font-size: 18px;\"><span class=\"icon-wrap\"><i class=\"fa fa-check-circle-o\"><\/i><\/span><\/span> Kalite kontrolden ge\u00e7erek tekrar servis arac\u0131na y\u00fcklensin<br \/>\n<span style=\"color: #a2c046; font-size: 18px;\"><span class=\"icon-wrap\"><i class=\"fa fa-check-circle-o\"><\/i><\/span><\/span> Talep etti\u011finiz zamanda servisimiz yorganlar\u0131n\u0131z\u0131 teslim etsin<\/p>\n<\/div><\/div><\/div><\/div><\/div>","protected":false},"excerpt":{"rendered":"<p>G\u00f6ksu Hal\u0131 Y\u0131kama olarak, m\u00fc\u015fterilerimize en kaliteli yorgan y\u0131kama hizmetlerini sunmaktay\u0131z. Uzman ekiplerimiz, her t\u00fcrl\u00fc yorgan\u0131 \u00f6zenle temizlemektedir. Y\u00fcn yorganlar\u0131n\u0131z\u0131n do\u011fal dokusunu koruyarak, pamuk yorganlar\u0131n\u0131z\u0131 yumu\u015fac\u0131k yaparak, bambu yorganlar\u0131n nefes alabilme \u00f6zelli\u011fini artt\u0131rarak ve elyaf yorganlar\u0131 da derinlemesine temizleyerek size tertemiz bir uyku deneyimi ya\u015fatmaktay\u0131z. G\u00f6ksu Hal\u0131 Y\u0131kama&#8217;n\u0131n profesyonel ekibi, g\u00fcvenilir ve etkili temizlik y\u00f6ntemleriyle [&hellip;]<\/p>\n","protected":false},"author":1,"featured_media":7043,"parent":0,"menu_order":0,"comment_status":"closed","ping_status":"closed","template":"","meta":{"footnotes":""},"class_list":["post-6992","page","type-page","status-publish","has-post-thumbnail","hentry"],"yoast_head":"<!-- This site is optimized with the Yoast SEO plugin v27.4 - https:\/\/yoast.com\/product\/yoast-seo-wordpress\/ -->\n<title>Yorgan Y\u0131kama - G\u00f6ksu Hal\u0131 Y\u0131kama<\/title>\n<meta name=\"description\" content=\"G\u00f6ksu hal\u0131 y\u0131kama, kaliteli ve g\u00fcvenilir yorgan y\u0131kama hizmeti sunmaktad\u0131r. Profesyonel ekibimizle yorganlar\u0131n\u0131z\u0131n temizli\u011fi art\u0131k \u00e7ok kolay.\" \/>\n<meta name=\"robots\" content=\"index, follow, max-snippet:-1, max-image-preview:large, max-video-preview:-1\" \/>\n<link rel=\"canonical\" href=\"https:\/\/goksuteppichreinigung.de\/tr\/yorgan-yikama\" \/>\n<meta property=\"og:locale\" content=\"tr_TR\" \/>\n<meta property=\"og:type\" content=\"article\" \/>\n<meta property=\"og:title\" content=\"Yorgan Y\u0131kama - G\u00f6ksu Hal\u0131 Y\u0131kama\" \/>\n<meta property=\"og:description\" content=\"G\u00f6ksu hal\u0131 y\u0131kama, kaliteli ve g\u00fcvenilir yorgan y\u0131kama hizmeti sunmaktad\u0131r. Profesyonel ekibimizle yorganlar\u0131n\u0131z\u0131n temizli\u011fi art\u0131k \u00e7ok kolay.\" \/>\n<meta property=\"og:url\" content=\"https:\/\/goksuteppichreinigung.de\/tr\/yorgan-yikama\" \/>\n<meta property=\"og:site_name\" content=\"G\u00f6ksu Hal\u0131 Y\u0131kama\" \/>\n<meta property=\"article:modified_time\" content=\"2024-05-24T12:16:34+00:00\" \/>\n<meta property=\"og:image\" content=\"https:\/\/goksuteppichreinigung.de\/tr\/wp-content\/uploads\/2018\/03\/halifleks.jpg\" \/>\n\t<meta property=\"og:image:width\" content=\"850\" \/>\n\t<meta property=\"og:image:height\" content=\"450\" \/>\n\t<meta property=\"og:image:type\" content=\"image\/jpeg\" \/>\n<meta name=\"twitter:card\" content=\"summary_large_image\" \/>\n<meta name=\"twitter:label1\" content=\"Tahmini okuma s\u00fcresi\" \/>\n\t<meta name=\"twitter:data1\" content=\"2 dakika\" \/>\n<script type=\"application\/ld+json\" class=\"yoast-schema-graph\">{\"@context\":\"https:\\\/\\\/schema.org\",\"@graph\":[{\"@type\":\"WebPage\",\"@id\":\"https:\\\/\\\/goksuteppichreinigung.de\\\/tr\\\/yorgan-yikama\",\"url\":\"https:\\\/\\\/goksuteppichreinigung.de\\\/tr\\\/yorgan-yikama\",\"name\":\"Yorgan Y\u0131kama - G\u00f6ksu Hal\u0131 Y\u0131kama\",\"isPartOf\":{\"@id\":\"https:\\\/\\\/goksuteppichreinigung.de\\\/tr\\\/#website\"},\"primaryImageOfPage\":{\"@id\":\"https:\\\/\\\/goksuteppichreinigung.de\\\/tr\\\/yorgan-yikama#primaryimage\"},\"image\":{\"@id\":\"https:\\\/\\\/goksuteppichreinigung.de\\\/tr\\\/yorgan-yikama#primaryimage\"},\"thumbnailUrl\":\"https:\\\/\\\/goksuteppichreinigung.de\\\/tr\\\/wp-content\\\/uploads\\\/2018\\\/03\\\/halifleks.jpg\",\"datePublished\":\"2018-03-03T16:48:52+00:00\",\"dateModified\":\"2024-05-24T12:16:34+00:00\",\"description\":\"G\u00f6ksu hal\u0131 y\u0131kama, kaliteli ve g\u00fcvenilir yorgan y\u0131kama hizmeti sunmaktad\u0131r. Profesyonel ekibimizle yorganlar\u0131n\u0131z\u0131n temizli\u011fi art\u0131k \u00e7ok kolay.\",\"breadcrumb\":{\"@id\":\"https:\\\/\\\/goksuteppichreinigung.de\\\/tr\\\/yorgan-yikama#breadcrumb\"},\"inLanguage\":\"tr\",\"potentialAction\":[{\"@type\":\"ReadAction\",\"target\":[\"https:\\\/\\\/goksuteppichreinigung.de\\\/tr\\\/yorgan-yikama\"]}]},{\"@type\":\"ImageObject\",\"inLanguage\":\"tr\",\"@id\":\"https:\\\/\\\/goksuteppichreinigung.de\\\/tr\\\/yorgan-yikama#primaryimage\",\"url\":\"https:\\\/\\\/goksuteppichreinigung.de\\\/tr\\\/wp-content\\\/uploads\\\/2018\\\/03\\\/halifleks.jpg\",\"contentUrl\":\"https:\\\/\\\/goksuteppichreinigung.de\\\/tr\\\/wp-content\\\/uploads\\\/2018\\\/03\\\/halifleks.jpg\",\"width\":850,\"height\":450},{\"@type\":\"BreadcrumbList\",\"@id\":\"https:\\\/\\\/goksuteppichreinigung.de\\\/tr\\\/yorgan-yikama#breadcrumb\",\"itemListElement\":[{\"@type\":\"ListItem\",\"position\":1,\"name\":\"Ana sayfa\",\"item\":\"https:\\\/\\\/goksuteppichreinigung.de\\\/tr\\\/\"},{\"@type\":\"ListItem\",\"position\":2,\"name\":\"Yorgan Y\u0131kama\"}]},{\"@type\":\"WebSite\",\"@id\":\"https:\\\/\\\/goksuteppichreinigung.de\\\/tr\\\/#website\",\"url\":\"https:\\\/\\\/goksuteppichreinigung.de\\\/tr\\\/\",\"name\":\"G\u00f6ksu Hal\u0131 Y\u0131kama\",\"description\":\"\",\"potentialAction\":[{\"@type\":\"SearchAction\",\"target\":{\"@type\":\"EntryPoint\",\"urlTemplate\":\"https:\\\/\\\/goksuteppichreinigung.de\\\/tr\\\/?s={search_term_string}\"},\"query-input\":{\"@type\":\"PropertyValueSpecification\",\"valueRequired\":true,\"valueName\":\"search_term_string\"}}],\"inLanguage\":\"tr\"}]}<\/script>\n<!-- \/ Yoast SEO plugin. -->","yoast_head_json":{"title":"Yorgan Y\u0131kama - G\u00f6ksu Hal\u0131 Y\u0131kama","description":"G\u00f6ksu hal\u0131 y\u0131kama, kaliteli ve g\u00fcvenilir yorgan y\u0131kama hizmeti sunmaktad\u0131r. Profesyonel ekibimizle yorganlar\u0131n\u0131z\u0131n temizli\u011fi art\u0131k \u00e7ok kolay.","robots":{"index":"index","follow":"follow","max-snippet":"max-snippet:-1","max-image-preview":"max-image-preview:large","max-video-preview":"max-video-preview:-1"},"canonical":"https:\/\/goksuteppichreinigung.de\/tr\/yorgan-yikama","og_locale":"tr_TR","og_type":"article","og_title":"Yorgan Y\u0131kama - G\u00f6ksu Hal\u0131 Y\u0131kama","og_description":"G\u00f6ksu hal\u0131 y\u0131kama, kaliteli ve g\u00fcvenilir yorgan y\u0131kama hizmeti sunmaktad\u0131r. Profesyonel ekibimizle yorganlar\u0131n\u0131z\u0131n temizli\u011fi art\u0131k \u00e7ok kolay.","og_url":"https:\/\/goksuteppichreinigung.de\/tr\/yorgan-yikama","og_site_name":"G\u00f6ksu Hal\u0131 Y\u0131kama","article_modified_time":"2024-05-24T12:16:34+00:00","og_image":[{"width":850,"height":450,"url":"https:\/\/goksuteppichreinigung.de\/tr\/wp-content\/uploads\/2018\/03\/halifleks.jpg","type":"image\/jpeg"}],"twitter_card":"summary_large_image","twitter_misc":{"Tahmini okuma s\u00fcresi":"2 dakika"},"schema":{"@context":"https:\/\/schema.org","@graph":[{"@type":"WebPage","@id":"https:\/\/goksuteppichreinigung.de\/tr\/yorgan-yikama","url":"https:\/\/goksuteppichreinigung.de\/tr\/yorgan-yikama","name":"Yorgan Y\u0131kama - G\u00f6ksu Hal\u0131 Y\u0131kama","isPartOf":{"@id":"https:\/\/goksuteppichreinigung.de\/tr\/#website"},"primaryImageOfPage":{"@id":"https:\/\/goksuteppichreinigung.de\/tr\/yorgan-yikama#primaryimage"},"image":{"@id":"https:\/\/goksuteppichreinigung.de\/tr\/yorgan-yikama#primaryimage"},"thumbnailUrl":"https:\/\/goksuteppichreinigung.de\/tr\/wp-content\/uploads\/2018\/03\/halifleks.jpg","datePublished":"2018-03-03T16:48:52+00:00","dateModified":"2024-05-24T12:16:34+00:00","description":"G\u00f6ksu hal\u0131 y\u0131kama, kaliteli ve g\u00fcvenilir yorgan y\u0131kama hizmeti sunmaktad\u0131r. Profesyonel ekibimizle yorganlar\u0131n\u0131z\u0131n temizli\u011fi art\u0131k \u00e7ok kolay.","breadcrumb":{"@id":"https:\/\/goksuteppichreinigung.de\/tr\/yorgan-yikama#breadcrumb"},"inLanguage":"tr","potentialAction":[{"@type":"ReadAction","target":["https:\/\/goksuteppichreinigung.de\/tr\/yorgan-yikama"]}]},{"@type":"ImageObject","inLanguage":"tr","@id":"https:\/\/goksuteppichreinigung.de\/tr\/yorgan-yikama#primaryimage","url":"https:\/\/goksuteppichreinigung.de\/tr\/wp-content\/uploads\/2018\/03\/halifleks.jpg","contentUrl":"https:\/\/goksuteppichreinigung.de\/tr\/wp-content\/uploads\/2018\/03\/halifleks.jpg","width":850,"height":450},{"@type":"BreadcrumbList","@id":"https:\/\/goksuteppichreinigung.de\/tr\/yorgan-yikama#breadcrumb","itemListElement":[{"@type":"ListItem","position":1,"name":"Ana sayfa","item":"https:\/\/goksuteppichreinigung.de\/tr\/"},{"@type":"ListItem","position":2,"name":"Yorgan Y\u0131kama"}]},{"@type":"WebSite","@id":"https:\/\/goksuteppichreinigung.de\/tr\/#website","url":"https:\/\/goksuteppichreinigung.de\/tr\/","name":"G\u00f6ksu Hal\u0131 Y\u0131kama","description":"","potentialAction":[{"@type":"SearchAction","target":{"@type":"EntryPoint","urlTemplate":"https:\/\/goksuteppichreinigung.de\/tr\/?s={search_term_string}"},"query-input":{"@type":"PropertyValueSpecification","valueRequired":true,"valueName":"search_term_string"}}],"inLanguage":"tr"}]}},"_links":{"self":[{"href":"https:\/\/goksuteppichreinigung.de\/tr\/wp-json\/wp\/v2\/pages\/6992","targetHints":{"allow":["GET"]}}],"collection":[{"href":"https:\/\/goksuteppichreinigung.de\/tr\/wp-json\/wp\/v2\/pages"}],"about":[{"href":"https:\/\/goksuteppichreinigung.de\/tr\/wp-json\/wp\/v2\/types\/page"}],"author":[{"embeddable":true,"href":"https:\/\/goksuteppichreinigung.de\/tr\/wp-json\/wp\/v2\/users\/1"}],"replies":[{"embeddable":true,"href":"https:\/\/goksuteppichreinigung.de\/tr\/wp-json\/wp\/v2\/comments?post=6992"}],"version-history":[{"count":0,"href":"https:\/\/goksuteppichreinigung.de\/tr\/wp-json\/wp\/v2\/pages\/6992\/revisions"}],"wp:featuredmedia":[{"embeddable":true,"href":"https:\/\/goksuteppichreinigung.de\/tr\/wp-json\/wp\/v2\/media\/7043"}],"wp:attachment":[{"href":"https:\/\/goksuteppichreinigung.de\/tr\/wp-json\/wp\/v2\/media?parent=6992"}],"curies":[{"name":"wp","href":"https:\/\/api.w.org\/{rel}","templated":true}]}}