{"id":6991,"date":"2018-03-03T19:47:45","date_gmt":"2018-03-03T16:47:45","guid":{"rendered":"https:\/\/goksuteppichreinigung.de\/tr\/?page_id=6991"},"modified":"2024-06-18T19:19:24","modified_gmt":"2024-06-18T16:19:24","slug":"araba-koltugu-yikama","status":"publish","type":"page","link":"https:\/\/goksuteppichreinigung.de\/tr\/araba-koltugu-yikama","title":{"rendered":"Araba Koltu\u011fu Y\u0131kama"},"content":{"rendered":"<div id=\"pl-6991\"  class=\"panel-layout\" ><div id=\"pg-6991-0\"  class=\"panel-grid panel-no-style\" ><div id=\"pgc-6991-0-0\"  class=\"panel-grid-cell\" ><div id=\"panel-6991-0-0-0\" class=\"so-panel widget widget_black-studio-tinymce widget_black_studio_tinymce panel-first-child panel-last-child\" data-index=\"0\" ><div class=\"textwidget\"><p>G\u00f6ksu Hal\u0131 Y\u0131kama olarak arabalar\u0131n\u0131z i\u00e7in \u00f6zel olarak tasarlanm\u0131\u015f koltuk y\u0131kama hizmetlerimizle sizlere kaliteli ve profesyonel bir deneyim sunuyoruz.<\/p>\n<p>Araba koltuklar\u0131n\u0131n temizli\u011fi ve hijyen \u00f6nemlidir, bu nedenle uzman ekibimiz taraf\u0131ndan kullan\u0131lan \u00f6zel temizlik malzemeleri ve ekipmanlar\u0131 sayesinde ara\u00e7lar\u0131n\u0131z\u0131n koltuklar\u0131 ilk g\u00fcnk\u00fc gibi tertemiz olacak. Ara\u00e7 i\u00e7erisindeki lekelerin ve kokular\u0131n giderilmesi i\u00e7in titizlikle \u00e7al\u0131\u015farak m\u00fc\u015fterilerimize en iyi sonucu garanti ediyoruz.<\/p>\n<p>G\u00f6ksu Hal\u0131 Y\u0131kama'n\u0131n arabalar i\u00e7in sundu\u011fu kusursuz hizmetlerden faydalanarak arac\u0131n\u0131za ayr\u0131cal\u0131kl\u0131 bir bak\u0131m sa\u011flayabilirsiniz.<\/p>\n<\/div><\/div><\/div><\/div><div id=\"pg-6991-1\"  class=\"panel-grid panel-no-style\" ><div id=\"pgc-6991-1-0\"  class=\"panel-grid-cell\" ><div id=\"panel-6991-1-0-0\" class=\"so-panel widget widget_black-studio-tinymce widget_black_studio_tinymce panel-first-child panel-last-child\" data-index=\"1\" ><div class=\"textwidget\"><p><img loading=\"lazy\" decoding=\"async\" class=\"size-full wp-image-6403 aligncenter\" src=\"http:\/\/export-xml.qreativethemes.com\/thelandscaper\/wp-content\/uploads\/sites\/2\/2015\/07\/img_divider.png\" alt=\"img_divider\" width=\"1128\" height=\"14\" srcset=\"https:\/\/goksuteppichreinigung.de\/tr\/wp-content\/uploads\/2015\/07\/img_divider.png 1128w, https:\/\/goksuteppichreinigung.de\/tr\/wp-content\/uploads\/2015\/07\/img_divider-300x4.png 300w, https:\/\/goksuteppichreinigung.de\/tr\/wp-content\/uploads\/2015\/07\/img_divider-768x10.png 768w, https:\/\/goksuteppichreinigung.de\/tr\/wp-content\/uploads\/2015\/07\/img_divider-1024x13.png 1024w, https:\/\/goksuteppichreinigung.de\/tr\/wp-content\/uploads\/2015\/07\/img_divider-600x7.png 600w\" sizes=\"auto, (max-width: 1128px) 100vw, 1128px\" \/><\/p>\n<\/div><\/div><\/div><\/div><div id=\"pg-6991-2\"  class=\"panel-grid panel-no-style\" ><div id=\"pgc-6991-2-0\"  class=\"panel-grid-cell\" ><div id=\"panel-6991-2-0-0\" class=\"so-panel widget widget_qt_icon_box widget-icon-box panel-first-child\" data-index=\"2\" >\t\t\t\t<a class=\"icon-box icon-big\" href=\"https:\/\/goksuteppichreinigung.de\/tr\/iletisim\" >\n\t\t\t\t\t\t\t\t<i class=\"fa fa-phone\"><\/i>\n\t\t\t\t\t<h6 class=\"title\">Bize Ula\u015f\u0131n<\/h6>\n\t\t\t\t\t\t\t\t\t\t\t<span class=\"subtitle\">Akl\u0131n\u0131za tak\u0131lan t\u00fcm soru ve sorunlar\u0131n\u0131z i\u00e7in \u00e7ekinmeden bize ula\u015fabilirsiniz<\/span>\n\t\t\t\t\t\t\t\t<\/a>\n\n\t\t\t<\/div><div id=\"panel-6991-2-0-1\" class=\"so-panel widget widget_qt_icon_box widget-icon-box panel-last-child\" data-index=\"3\" >\t\t\t\t<a class=\"icon-box icon-big\" href=\"https:\/\/goksuteppichreinigung.de\/tr\/servis-talep\" >\n\t\t\t\t\t\t\t\t<i class=\"fa fa-calendar-o\"><\/i>\n\t\t\t\t\t<h6 class=\"title\">Araba Koltu\u011fu Y\u0131kama Talep Formu<\/h6>\n\t\t\t\t\t\t\t\t\t\t\t<span class=\"subtitle\">Araba Koltu\u011fu Y\u0131kama Talep Formu ile bilgilerini girin, en k\u0131sa s\u00fcrede sizi arayal\u0131m.<\/span>\n\t\t\t\t\t\t\t\t<\/a>\n\n\t\t\t<\/div><\/div><div id=\"pgc-6991-2-1\"  class=\"panel-grid-cell\" ><div id=\"panel-6991-2-1-0\" class=\"so-panel widget widget_black-studio-tinymce widget_black_studio_tinymce panel-first-child panel-last-child\" data-index=\"4\" ><div class=\"textwidget\"><h3>G\u00f6ksu Hal\u0131 Y\u0131kama - Araba Koltu\u011fu Y\u0131kama<\/h3>\n<p>G\u00f6ksu Hal\u0131 Y\u0131kama olarak, araba koltu\u011fu y\u0131kama hizmetlerimizle m\u00fc\u015fterilerimize en kaliteli ve profesyonel bak\u0131m\u0131 sunmaktan gurur duyuyoruz.<\/p>\n<p><span style=\"color: #a2c046; font-size: 18px;\"><span class=\"icon-wrap\"><i class=\"fa fa-check-circle-o\"><\/i><\/span><\/span> Bizi arayarak, formu doldurarak talepte bulunun<br \/>\n<span style=\"color: #a2c046; font-size: 18px;\"><span class=\"icon-wrap\"><i class=\"fa fa-check-circle-o\"><\/i><\/span><\/span> Ekibimiz size uygun zamanda gelip ara\u00e7 koltuklar\u0131n\u0131 y\u0131kas\u0131n<br \/>\n<span style=\"color: #a2c046; font-size: 18px;\"><span class=\"icon-wrap\"><i class=\"fa fa-check-circle-o\"><\/i><\/span><\/span> \u00d6zel temizlik \u00fcr\u00fcnleri ve ekipmanlar\u0131 ile ara\u00e7 koltuklar\u0131n\u0131z\u0131 derinlemesine temizlensin<br \/>\n<span style=\"color: #a2c046; font-size: 18px;\"><span class=\"icon-wrap\"><i class=\"fa fa-check-circle-o\"><\/i><\/span><\/span> Kuma\u015flar\u0131n\u0131n dokusuna zarar vermeden i\u015flem yap\u0131ls\u0131n<br \/>\n<span style=\"color: #a2c046; font-size: 18px;\"><span class=\"icon-wrap\"><i class=\"fa fa-check-circle-o\"><\/i><\/span><\/span> Ara\u00e7 i\u00e7indeki lekeleri, kirleri ve k\u00f6t\u00fc kokular\u0131 gidererek tertemiz bir ortam sa\u011flans\u0131n<\/p>\n<\/div><\/div><\/div><\/div><\/div>","protected":false},"excerpt":{"rendered":"<p>G\u00f6ksu Hal\u0131 Y\u0131kama olarak arabalar\u0131n\u0131z i\u00e7in \u00f6zel olarak tasarlanm\u0131\u015f koltuk y\u0131kama hizmetlerimizle sizlere kaliteli ve profesyonel bir deneyim sunuyoruz. Araba koltuklar\u0131n\u0131n temizli\u011fi ve hijyen \u00f6nemlidir, bu nedenle uzman ekibimiz taraf\u0131ndan kullan\u0131lan \u00f6zel temizlik malzemeleri ve ekipmanlar\u0131 sayesinde ara\u00e7lar\u0131n\u0131z\u0131n koltuklar\u0131 ilk g\u00fcnk\u00fc gibi tertemiz olacak. Ara\u00e7 i\u00e7erisindeki lekelerin ve kokular\u0131n giderilmesi i\u00e7in titizlikle \u00e7al\u0131\u015farak m\u00fc\u015fterilerimize en [&hellip;]<\/p>\n","protected":false},"author":1,"featured_media":7117,"parent":0,"menu_order":0,"comment_status":"closed","ping_status":"closed","template":"","meta":{"footnotes":""},"class_list":["post-6991","page","type-page","status-publish","has-post-thumbnail","hentry"],"yoast_head":"<!-- This site is optimized with the Yoast SEO plugin v27.4 - https:\/\/yoast.com\/product\/yoast-seo-wordpress\/ -->\n<title>Araba Koltu\u011fu Y\u0131kama - G\u00f6ksu Hal\u0131 Y\u0131kama<\/title>\n<meta name=\"description\" content=\"G\u00f6ksu Hal\u0131 Y\u0131kama olarak, araba koltu\u011fu y\u0131kama hizmetlerimizle m\u00fc\u015fterilerimize en kaliteli ve profesyonel hizmeti sunmaktan gurur duyuyoruz.\" \/>\n<meta name=\"robots\" content=\"index, follow, max-snippet:-1, max-image-preview:large, max-video-preview:-1\" \/>\n<link rel=\"canonical\" href=\"https:\/\/goksuteppichreinigung.de\/tr\/araba-koltugu-yikama\" \/>\n<meta property=\"og:locale\" content=\"tr_TR\" \/>\n<meta property=\"og:type\" content=\"article\" \/>\n<meta property=\"og:title\" content=\"Araba Koltu\u011fu Y\u0131kama - G\u00f6ksu Hal\u0131 Y\u0131kama\" \/>\n<meta property=\"og:description\" content=\"G\u00f6ksu Hal\u0131 Y\u0131kama olarak, araba koltu\u011fu y\u0131kama hizmetlerimizle m\u00fc\u015fterilerimize en kaliteli ve profesyonel hizmeti sunmaktan gurur duyuyoruz.\" \/>\n<meta property=\"og:url\" content=\"https:\/\/goksuteppichreinigung.de\/tr\/araba-koltugu-yikama\" \/>\n<meta property=\"og:site_name\" content=\"G\u00f6ksu Hal\u0131 Y\u0131kama\" \/>\n<meta property=\"article:modified_time\" content=\"2024-06-18T16:19:24+00:00\" \/>\n<meta property=\"og:image\" content=\"https:\/\/goksuteppichreinigung.de\/tr\/wp-content\/uploads\/2018\/03\/4-e1520180151796.jpg\" \/>\n\t<meta property=\"og:image:width\" content=\"850\" \/>\n\t<meta property=\"og:image:height\" content=\"450\" \/>\n\t<meta property=\"og:image:type\" content=\"image\/jpeg\" \/>\n<meta name=\"twitter:card\" content=\"summary_large_image\" \/>\n<meta name=\"twitter:label1\" content=\"Tahmini okuma s\u00fcresi\" \/>\n\t<meta name=\"twitter:data1\" content=\"2 dakika\" \/>\n<script type=\"application\/ld+json\" class=\"yoast-schema-graph\">{\"@context\":\"https:\\\/\\\/schema.org\",\"@graph\":[{\"@type\":\"WebPage\",\"@id\":\"https:\\\/\\\/goksuteppichreinigung.de\\\/tr\\\/araba-koltugu-yikama\",\"url\":\"https:\\\/\\\/goksuteppichreinigung.de\\\/tr\\\/araba-koltugu-yikama\",\"name\":\"Araba Koltu\u011fu Y\u0131kama - G\u00f6ksu Hal\u0131 Y\u0131kama\",\"isPartOf\":{\"@id\":\"https:\\\/\\\/goksuteppichreinigung.de\\\/tr\\\/#website\"},\"primaryImageOfPage\":{\"@id\":\"https:\\\/\\\/goksuteppichreinigung.de\\\/tr\\\/araba-koltugu-yikama#primaryimage\"},\"image\":{\"@id\":\"https:\\\/\\\/goksuteppichreinigung.de\\\/tr\\\/araba-koltugu-yikama#primaryimage\"},\"thumbnailUrl\":\"https:\\\/\\\/goksuteppichreinigung.de\\\/tr\\\/wp-content\\\/uploads\\\/2018\\\/03\\\/4-e1520180151796.jpg\",\"datePublished\":\"2018-03-03T16:47:45+00:00\",\"dateModified\":\"2024-06-18T16:19:24+00:00\",\"description\":\"G\u00f6ksu Hal\u0131 Y\u0131kama olarak, araba koltu\u011fu y\u0131kama hizmetlerimizle m\u00fc\u015fterilerimize en kaliteli ve profesyonel hizmeti sunmaktan gurur duyuyoruz.\",\"breadcrumb\":{\"@id\":\"https:\\\/\\\/goksuteppichreinigung.de\\\/tr\\\/araba-koltugu-yikama#breadcrumb\"},\"inLanguage\":\"tr\",\"potentialAction\":[{\"@type\":\"ReadAction\",\"target\":[\"https:\\\/\\\/goksuteppichreinigung.de\\\/tr\\\/araba-koltugu-yikama\"]}]},{\"@type\":\"ImageObject\",\"inLanguage\":\"tr\",\"@id\":\"https:\\\/\\\/goksuteppichreinigung.de\\\/tr\\\/araba-koltugu-yikama#primaryimage\",\"url\":\"https:\\\/\\\/goksuteppichreinigung.de\\\/tr\\\/wp-content\\\/uploads\\\/2018\\\/03\\\/4-e1520180151796.jpg\",\"contentUrl\":\"https:\\\/\\\/goksuteppichreinigung.de\\\/tr\\\/wp-content\\\/uploads\\\/2018\\\/03\\\/4-e1520180151796.jpg\",\"width\":850,\"height\":450},{\"@type\":\"BreadcrumbList\",\"@id\":\"https:\\\/\\\/goksuteppichreinigung.de\\\/tr\\\/araba-koltugu-yikama#breadcrumb\",\"itemListElement\":[{\"@type\":\"ListItem\",\"position\":1,\"name\":\"Ana sayfa\",\"item\":\"https:\\\/\\\/goksuteppichreinigung.de\\\/tr\\\/\"},{\"@type\":\"ListItem\",\"position\":2,\"name\":\"Araba Koltu\u011fu Y\u0131kama\"}]},{\"@type\":\"WebSite\",\"@id\":\"https:\\\/\\\/goksuteppichreinigung.de\\\/tr\\\/#website\",\"url\":\"https:\\\/\\\/goksuteppichreinigung.de\\\/tr\\\/\",\"name\":\"G\u00f6ksu Hal\u0131 Y\u0131kama\",\"description\":\"\",\"potentialAction\":[{\"@type\":\"SearchAction\",\"target\":{\"@type\":\"EntryPoint\",\"urlTemplate\":\"https:\\\/\\\/goksuteppichreinigung.de\\\/tr\\\/?s={search_term_string}\"},\"query-input\":{\"@type\":\"PropertyValueSpecification\",\"valueRequired\":true,\"valueName\":\"search_term_string\"}}],\"inLanguage\":\"tr\"}]}<\/script>\n<!-- \/ Yoast SEO plugin. -->","yoast_head_json":{"title":"Araba Koltu\u011fu Y\u0131kama - G\u00f6ksu Hal\u0131 Y\u0131kama","description":"G\u00f6ksu Hal\u0131 Y\u0131kama olarak, araba koltu\u011fu y\u0131kama hizmetlerimizle m\u00fc\u015fterilerimize en kaliteli ve profesyonel hizmeti sunmaktan gurur duyuyoruz.","robots":{"index":"index","follow":"follow","max-snippet":"max-snippet:-1","max-image-preview":"max-image-preview:large","max-video-preview":"max-video-preview:-1"},"canonical":"https:\/\/goksuteppichreinigung.de\/tr\/araba-koltugu-yikama","og_locale":"tr_TR","og_type":"article","og_title":"Araba Koltu\u011fu Y\u0131kama - G\u00f6ksu Hal\u0131 Y\u0131kama","og_description":"G\u00f6ksu Hal\u0131 Y\u0131kama olarak, araba koltu\u011fu y\u0131kama hizmetlerimizle m\u00fc\u015fterilerimize en kaliteli ve profesyonel hizmeti sunmaktan gurur duyuyoruz.","og_url":"https:\/\/goksuteppichreinigung.de\/tr\/araba-koltugu-yikama","og_site_name":"G\u00f6ksu Hal\u0131 Y\u0131kama","article_modified_time":"2024-06-18T16:19:24+00:00","og_image":[{"width":850,"height":450,"url":"https:\/\/goksuteppichreinigung.de\/tr\/wp-content\/uploads\/2018\/03\/4-e1520180151796.jpg","type":"image\/jpeg"}],"twitter_card":"summary_large_image","twitter_misc":{"Tahmini okuma s\u00fcresi":"2 dakika"},"schema":{"@context":"https:\/\/schema.org","@graph":[{"@type":"WebPage","@id":"https:\/\/goksuteppichreinigung.de\/tr\/araba-koltugu-yikama","url":"https:\/\/goksuteppichreinigung.de\/tr\/araba-koltugu-yikama","name":"Araba Koltu\u011fu Y\u0131kama - G\u00f6ksu Hal\u0131 Y\u0131kama","isPartOf":{"@id":"https:\/\/goksuteppichreinigung.de\/tr\/#website"},"primaryImageOfPage":{"@id":"https:\/\/goksuteppichreinigung.de\/tr\/araba-koltugu-yikama#primaryimage"},"image":{"@id":"https:\/\/goksuteppichreinigung.de\/tr\/araba-koltugu-yikama#primaryimage"},"thumbnailUrl":"https:\/\/goksuteppichreinigung.de\/tr\/wp-content\/uploads\/2018\/03\/4-e1520180151796.jpg","datePublished":"2018-03-03T16:47:45+00:00","dateModified":"2024-06-18T16:19:24+00:00","description":"G\u00f6ksu Hal\u0131 Y\u0131kama olarak, araba koltu\u011fu y\u0131kama hizmetlerimizle m\u00fc\u015fterilerimize en kaliteli ve profesyonel hizmeti sunmaktan gurur duyuyoruz.","breadcrumb":{"@id":"https:\/\/goksuteppichreinigung.de\/tr\/araba-koltugu-yikama#breadcrumb"},"inLanguage":"tr","potentialAction":[{"@type":"ReadAction","target":["https:\/\/goksuteppichreinigung.de\/tr\/araba-koltugu-yikama"]}]},{"@type":"ImageObject","inLanguage":"tr","@id":"https:\/\/goksuteppichreinigung.de\/tr\/araba-koltugu-yikama#primaryimage","url":"https:\/\/goksuteppichreinigung.de\/tr\/wp-content\/uploads\/2018\/03\/4-e1520180151796.jpg","contentUrl":"https:\/\/goksuteppichreinigung.de\/tr\/wp-content\/uploads\/2018\/03\/4-e1520180151796.jpg","width":850,"height":450},{"@type":"BreadcrumbList","@id":"https:\/\/goksuteppichreinigung.de\/tr\/araba-koltugu-yikama#breadcrumb","itemListElement":[{"@type":"ListItem","position":1,"name":"Ana sayfa","item":"https:\/\/goksuteppichreinigung.de\/tr\/"},{"@type":"ListItem","position":2,"name":"Araba Koltu\u011fu Y\u0131kama"}]},{"@type":"WebSite","@id":"https:\/\/goksuteppichreinigung.de\/tr\/#website","url":"https:\/\/goksuteppichreinigung.de\/tr\/","name":"G\u00f6ksu Hal\u0131 Y\u0131kama","description":"","potentialAction":[{"@type":"SearchAction","target":{"@type":"EntryPoint","urlTemplate":"https:\/\/goksuteppichreinigung.de\/tr\/?s={search_term_string}"},"query-input":{"@type":"PropertyValueSpecification","valueRequired":true,"valueName":"search_term_string"}}],"inLanguage":"tr"}]}},"_links":{"self":[{"href":"https:\/\/goksuteppichreinigung.de\/tr\/wp-json\/wp\/v2\/pages\/6991","targetHints":{"allow":["GET"]}}],"collection":[{"href":"https:\/\/goksuteppichreinigung.de\/tr\/wp-json\/wp\/v2\/pages"}],"about":[{"href":"https:\/\/goksuteppichreinigung.de\/tr\/wp-json\/wp\/v2\/types\/page"}],"author":[{"embeddable":true,"href":"https:\/\/goksuteppichreinigung.de\/tr\/wp-json\/wp\/v2\/users\/1"}],"replies":[{"embeddable":true,"href":"https:\/\/goksuteppichreinigung.de\/tr\/wp-json\/wp\/v2\/comments?post=6991"}],"version-history":[{"count":0,"href":"https:\/\/goksuteppichreinigung.de\/tr\/wp-json\/wp\/v2\/pages\/6991\/revisions"}],"wp:featuredmedia":[{"embeddable":true,"href":"https:\/\/goksuteppichreinigung.de\/tr\/wp-json\/wp\/v2\/media\/7117"}],"wp:attachment":[{"href":"https:\/\/goksuteppichreinigung.de\/tr\/wp-json\/wp\/v2\/media?parent=6991"}],"curies":[{"name":"wp","href":"https:\/\/api.w.org\/{rel}","templated":true}]}}