{"id":661,"date":"2015-01-22T16:35:12","date_gmt":"2015-01-22T16:35:12","guid":{"rendered":"http:\/\/localhost:8888\/construction\/?page_id=661"},"modified":"2024-05-24T15:51:58","modified_gmt":"2024-05-24T12:51:58","slug":"hali-yikama","status":"publish","type":"page","link":"https:\/\/goksuteppichreinigung.de\/tr\/hali-yikama","title":{"rendered":"Hal\u0131 Y\u0131kama"},"content":{"rendered":"<div id=\"pl-661\"  class=\"panel-layout\" ><div id=\"pg-661-0\"  class=\"panel-grid panel-no-style\" ><div id=\"pgc-661-0-0\"  class=\"panel-grid-cell\" ><div id=\"panel-661-0-0-0\" class=\"so-panel widget widget_black-studio-tinymce widget_black_studio_tinymce panel-first-child panel-last-child\" data-index=\"0\" ><div class=\"textwidget\"><p>G\u00f6ksu Hal\u0131 Y\u0131kama olarak, uzman ekibimiz ve son teknoloji ekipmanlar\u0131m\u0131zla m\u00fc\u015fterilerimize en kaliteli hizmeti sunmaktay\u0131z.<\/p>\n<p>Sahip oldu\u011fumuz geni\u015f tecr\u00fcbe sayesinde t\u00fcm hal\u0131 tiplerinde etkili temizlik sa\u011flamaktay\u0131z. \u0130ster el dokuma hal\u0131lar\u0131n\u0131z olsun, ister sentetik fiber hal\u0131lar\u0131n\u0131z, her t\u00fcrdeki hal\u0131n\u0131n detayl\u0131 bir \u015fekilde temizli\u011fini ger\u00e7ekle\u015ftiriyoruz. G\u00f6ksu Hal\u0131 Y\u0131kama'n\u0131n \u00f6nceli\u011fi her zaman m\u00fc\u015fteri memnuniyetidir ve bu do\u011frultuda titizlikle \u00e7al\u0131\u015farak sizlere hijyenik ve ferah bir ortam sunmay\u0131 ama\u00e7l\u0131yoruz.<\/p>\n<p>Profesyonel ekibimizin disiplinli i\u015fleyi\u015fi ile siz de evinizin veya i\u015fyerinizin hal\u0131s\u0131nda fark edilebilir bir temizlik g\u00f6rmek istiyorsan\u0131z bize g\u00fcvenebilirsiniz.<\/p>\n<\/div><\/div><\/div><\/div><div id=\"pg-661-1\"  class=\"panel-grid panel-no-style\" ><div id=\"pgc-661-1-0\"  class=\"panel-grid-cell\" ><div id=\"panel-661-1-0-0\" class=\"so-panel widget widget_black-studio-tinymce widget_black_studio_tinymce panel-first-child panel-last-child\" data-index=\"1\" ><div class=\"textwidget\"><p><img loading=\"lazy\" decoding=\"async\" class=\"size-full wp-image-6403 aligncenter\" src=\"http:\/\/export-xml.qreativethemes.com\/thelandscaper\/wp-content\/uploads\/sites\/2\/2015\/07\/img_divider.png\" alt=\"img_divider\" width=\"1128\" height=\"14\" srcset=\"https:\/\/goksuteppichreinigung.de\/tr\/wp-content\/uploads\/2015\/07\/img_divider.png 1128w, https:\/\/goksuteppichreinigung.de\/tr\/wp-content\/uploads\/2015\/07\/img_divider-300x4.png 300w, https:\/\/goksuteppichreinigung.de\/tr\/wp-content\/uploads\/2015\/07\/img_divider-768x10.png 768w, https:\/\/goksuteppichreinigung.de\/tr\/wp-content\/uploads\/2015\/07\/img_divider-1024x13.png 1024w, https:\/\/goksuteppichreinigung.de\/tr\/wp-content\/uploads\/2015\/07\/img_divider-600x7.png 600w\" sizes=\"auto, (max-width: 1128px) 100vw, 1128px\" \/><\/p>\n<\/div><\/div><\/div><\/div><div id=\"pg-661-2\"  class=\"panel-grid panel-no-style\" ><div id=\"pgc-661-2-0\"  class=\"panel-grid-cell\" ><div id=\"panel-661-2-0-0\" class=\"so-panel widget widget_qt_icon_box widget-icon-box panel-first-child\" data-index=\"2\" >\t\t\t\t<a class=\"icon-box icon-big\" href=\"https:\/\/goksuteppichreinigung.de\/tr\/iletisim\" >\n\t\t\t\t\t\t\t\t<i class=\"fa fa-phone\"><\/i>\n\t\t\t\t\t<h6 class=\"title\">Bize Ula\u015f\u0131n<\/h6>\n\t\t\t\t\t\t\t\t\t\t\t<span class=\"subtitle\">Akl\u0131n\u0131za tak\u0131lan t\u00fcm soru ve sorunlar\u0131n\u0131z i\u00e7in \u00e7ekinmeden bize ula\u015fabilirsiniz<\/span>\n\t\t\t\t\t\t\t\t<\/a>\n\n\t\t\t<\/div><div id=\"panel-661-2-0-1\" class=\"so-panel widget widget_qt_icon_box widget-icon-box panel-last-child\" data-index=\"3\" >\t\t\t\t<a class=\"icon-box icon-big\" href=\"https:\/\/goksuteppichreinigung.de\/tr\/servis-talep\" >\n\t\t\t\t\t\t\t\t<i class=\"fa fa-calendar-o\"><\/i>\n\t\t\t\t\t<h6 class=\"title\">Hal\u0131 Y\u0131kama Talep Formu<\/h6>\n\t\t\t\t\t\t\t\t\t\t\t<span class=\"subtitle\">Hal\u0131 y\u0131kama talep formu ile bilgilerini girin, en k\u0131sa s\u00fcrede sizi arayal\u0131m.<\/span>\n\t\t\t\t\t\t\t\t<\/a>\n\n\t\t\t<\/div><\/div><div id=\"pgc-661-2-1\"  class=\"panel-grid-cell\" ><div id=\"panel-661-2-1-0\" class=\"so-panel widget widget_black-studio-tinymce widget_black_studio_tinymce panel-first-child panel-last-child\" data-index=\"4\" ><div class=\"textwidget\"><h3>G\u00f6ksu Hal\u0131 Y\u0131kama Fabrikas\u0131<\/h3>\n<p>G\u00f6ksu Hal\u0131 Y\u0131kama olarak, hal\u0131 y\u0131kama hizmetimizle m\u00fc\u015fterilerimize t\u00fcm hal\u0131 tiplerinde m\u00fckemmel bir temizlik sunuyoruz. Profesyonel ekibimiz, son teknoloji ekipmanlar\u0131m\u0131z ve \u00f6zel temizlik \u00fcr\u00fcnlerimiz sayesinde her t\u00fcrl\u00fc hal\u0131n\u0131n derinlemesine temizlenmesini sa\u011fl\u0131yoruz.<\/p>\n<p><span style=\"color: #a2c046; font-size: 18px;\"><span class=\"icon-wrap\"><i class=\"fa fa-check-circle-o\"><\/i><\/span><\/span> Bizi arayarak, formu doldurarak talepte bulunun<br \/>\n<span style=\"color: #a2c046; font-size: 18px;\"><span class=\"icon-wrap\"><i class=\"fa fa-check-circle-o\"><\/i><\/span><\/span> Ekibimiz size uygun zamanda gelip hal\u0131lar\u0131n\u0131z\u0131 als\u0131n<br \/>\n<span style=\"color: #a2c046; font-size: 18px;\"><span class=\"icon-wrap\"><i class=\"fa fa-check-circle-o\"><\/i><\/span><\/span> Hal\u0131lar\u0131n\u0131z \u00f6zenle, el de\u011fmeden y\u0131kans\u0131n<br \/>\n<span style=\"color: #a2c046; font-size: 18px;\"><span class=\"icon-wrap\"><i class=\"fa fa-check-circle-o\"><\/i><\/span><\/span> Kalite kontrolden ge\u00e7erek tekrar servis arac\u0131na y\u00fcklensin<br \/>\n<span style=\"color: #a2c046; font-size: 18px;\"><span class=\"icon-wrap\"><i class=\"fa fa-check-circle-o\"><\/i><\/span><\/span> Talep etti\u011finiz zamanda servisimiz hal\u0131lar\u0131n\u0131z\u0131 teslim etsin<br \/>\n<span style=\"color: #a2c046; font-size: 18px;\"><span class=\"icon-wrap\"><i class=\"fa fa-check-circle-o\"><\/i><\/span><\/span> Hal\u0131 K\u0131yama hizmetimizde evden alma ve teslim etme fiyata dahildir<\/p>\n<\/div><\/div><\/div><\/div><\/div>","protected":false},"excerpt":{"rendered":"<p>G\u00f6ksu Hal\u0131 Y\u0131kama olarak, uzman ekibimiz ve son teknoloji ekipmanlar\u0131m\u0131zla m\u00fc\u015fterilerimize en kaliteli hizmeti sunmaktay\u0131z. Sahip oldu\u011fumuz geni\u015f tecr\u00fcbe sayesinde t\u00fcm hal\u0131 tiplerinde etkili temizlik sa\u011flamaktay\u0131z. \u0130ster el dokuma hal\u0131lar\u0131n\u0131z olsun, ister sentetik fiber hal\u0131lar\u0131n\u0131z, her t\u00fcrdeki hal\u0131n\u0131n detayl\u0131 bir \u015fekilde temizli\u011fini ger\u00e7ekle\u015ftiriyoruz. G\u00f6ksu Hal\u0131 Y\u0131kama&#8217;n\u0131n \u00f6nceli\u011fi her zaman m\u00fc\u015fteri memnuniyetidir ve bu do\u011frultuda titizlikle [&hellip;]<\/p>\n","protected":false},"author":1,"featured_media":7038,"parent":0,"menu_order":0,"comment_status":"closed","ping_status":"closed","template":"","meta":{"footnotes":""},"class_list":["post-661","page","type-page","status-publish","has-post-thumbnail","hentry"],"yoast_head":"<!-- This site is optimized with the Yoast SEO plugin v27.4 - https:\/\/yoast.com\/product\/yoast-seo-wordpress\/ -->\n<title>Hal\u0131 Y\u0131kama - G\u00f6ksu Hal\u0131 Y\u0131kama<\/title>\n<meta name=\"description\" content=\"G\u00f6ksu Hal\u0131 Y\u0131kama, hal\u0131lar\u0131n\u0131z\u0131 taze ve temiz yapmak i\u00e7in en iyi se\u00e7im. Profesyonel hal\u0131 y\u0131kama hizmetimizle hal\u0131lar\u0131n\u0131z kirlerinden ar\u0131nacak\" \/>\n<meta name=\"robots\" content=\"index, follow, max-snippet:-1, max-image-preview:large, max-video-preview:-1\" \/>\n<link rel=\"canonical\" href=\"https:\/\/goksuteppichreinigung.de\/tr\/hali-yikama\" \/>\n<meta property=\"og:locale\" content=\"tr_TR\" \/>\n<meta property=\"og:type\" content=\"article\" \/>\n<meta property=\"og:title\" content=\"Hal\u0131 Y\u0131kama - G\u00f6ksu Hal\u0131 Y\u0131kama\" \/>\n<meta property=\"og:description\" content=\"G\u00f6ksu Hal\u0131 Y\u0131kama, hal\u0131lar\u0131n\u0131z\u0131 taze ve temiz yapmak i\u00e7in en iyi se\u00e7im. Profesyonel hal\u0131 y\u0131kama hizmetimizle hal\u0131lar\u0131n\u0131z kirlerinden ar\u0131nacak\" \/>\n<meta property=\"og:url\" content=\"https:\/\/goksuteppichreinigung.de\/tr\/hali-yikama\" \/>\n<meta property=\"og:site_name\" content=\"G\u00f6ksu Hal\u0131 Y\u0131kama\" \/>\n<meta property=\"article:modified_time\" content=\"2024-05-24T12:51:58+00:00\" \/>\n<meta property=\"og:image\" content=\"https:\/\/goksuteppichreinigung.de\/tr\/wp-content\/uploads\/2018\/03\/makinehalisi1.jpg\" \/>\n\t<meta property=\"og:image:width\" content=\"850\" \/>\n\t<meta property=\"og:image:height\" content=\"450\" \/>\n\t<meta property=\"og:image:type\" content=\"image\/jpeg\" \/>\n<meta name=\"twitter:card\" content=\"summary_large_image\" \/>\n<meta name=\"twitter:label1\" content=\"Tahmini okuma s\u00fcresi\" \/>\n\t<meta name=\"twitter:data1\" content=\"2 dakika\" \/>\n<script type=\"application\/ld+json\" class=\"yoast-schema-graph\">{\"@context\":\"https:\\\/\\\/schema.org\",\"@graph\":[{\"@type\":\"WebPage\",\"@id\":\"https:\\\/\\\/goksuteppichreinigung.de\\\/tr\\\/hali-yikama\",\"url\":\"https:\\\/\\\/goksuteppichreinigung.de\\\/tr\\\/hali-yikama\",\"name\":\"Hal\u0131 Y\u0131kama - G\u00f6ksu Hal\u0131 Y\u0131kama\",\"isPartOf\":{\"@id\":\"https:\\\/\\\/goksuteppichreinigung.de\\\/tr\\\/#website\"},\"primaryImageOfPage\":{\"@id\":\"https:\\\/\\\/goksuteppichreinigung.de\\\/tr\\\/hali-yikama#primaryimage\"},\"image\":{\"@id\":\"https:\\\/\\\/goksuteppichreinigung.de\\\/tr\\\/hali-yikama#primaryimage\"},\"thumbnailUrl\":\"https:\\\/\\\/goksuteppichreinigung.de\\\/tr\\\/wp-content\\\/uploads\\\/2018\\\/03\\\/makinehalisi1.jpg\",\"datePublished\":\"2015-01-22T16:35:12+00:00\",\"dateModified\":\"2024-05-24T12:51:58+00:00\",\"description\":\"G\u00f6ksu Hal\u0131 Y\u0131kama, hal\u0131lar\u0131n\u0131z\u0131 taze ve temiz yapmak i\u00e7in en iyi se\u00e7im. Profesyonel hal\u0131 y\u0131kama hizmetimizle hal\u0131lar\u0131n\u0131z kirlerinden ar\u0131nacak\",\"breadcrumb\":{\"@id\":\"https:\\\/\\\/goksuteppichreinigung.de\\\/tr\\\/hali-yikama#breadcrumb\"},\"inLanguage\":\"tr\",\"potentialAction\":[{\"@type\":\"ReadAction\",\"target\":[\"https:\\\/\\\/goksuteppichreinigung.de\\\/tr\\\/hali-yikama\"]}]},{\"@type\":\"ImageObject\",\"inLanguage\":\"tr\",\"@id\":\"https:\\\/\\\/goksuteppichreinigung.de\\\/tr\\\/hali-yikama#primaryimage\",\"url\":\"https:\\\/\\\/goksuteppichreinigung.de\\\/tr\\\/wp-content\\\/uploads\\\/2018\\\/03\\\/makinehalisi1.jpg\",\"contentUrl\":\"https:\\\/\\\/goksuteppichreinigung.de\\\/tr\\\/wp-content\\\/uploads\\\/2018\\\/03\\\/makinehalisi1.jpg\",\"width\":850,\"height\":450},{\"@type\":\"BreadcrumbList\",\"@id\":\"https:\\\/\\\/goksuteppichreinigung.de\\\/tr\\\/hali-yikama#breadcrumb\",\"itemListElement\":[{\"@type\":\"ListItem\",\"position\":1,\"name\":\"Ana sayfa\",\"item\":\"https:\\\/\\\/goksuteppichreinigung.de\\\/tr\\\/\"},{\"@type\":\"ListItem\",\"position\":2,\"name\":\"Hal\u0131 Y\u0131kama\"}]},{\"@type\":\"WebSite\",\"@id\":\"https:\\\/\\\/goksuteppichreinigung.de\\\/tr\\\/#website\",\"url\":\"https:\\\/\\\/goksuteppichreinigung.de\\\/tr\\\/\",\"name\":\"G\u00f6ksu Hal\u0131 Y\u0131kama\",\"description\":\"\",\"potentialAction\":[{\"@type\":\"SearchAction\",\"target\":{\"@type\":\"EntryPoint\",\"urlTemplate\":\"https:\\\/\\\/goksuteppichreinigung.de\\\/tr\\\/?s={search_term_string}\"},\"query-input\":{\"@type\":\"PropertyValueSpecification\",\"valueRequired\":true,\"valueName\":\"search_term_string\"}}],\"inLanguage\":\"tr\"}]}<\/script>\n<!-- \/ Yoast SEO plugin. -->","yoast_head_json":{"title":"Hal\u0131 Y\u0131kama - G\u00f6ksu Hal\u0131 Y\u0131kama","description":"G\u00f6ksu Hal\u0131 Y\u0131kama, hal\u0131lar\u0131n\u0131z\u0131 taze ve temiz yapmak i\u00e7in en iyi se\u00e7im. Profesyonel hal\u0131 y\u0131kama hizmetimizle hal\u0131lar\u0131n\u0131z kirlerinden ar\u0131nacak","robots":{"index":"index","follow":"follow","max-snippet":"max-snippet:-1","max-image-preview":"max-image-preview:large","max-video-preview":"max-video-preview:-1"},"canonical":"https:\/\/goksuteppichreinigung.de\/tr\/hali-yikama","og_locale":"tr_TR","og_type":"article","og_title":"Hal\u0131 Y\u0131kama - G\u00f6ksu Hal\u0131 Y\u0131kama","og_description":"G\u00f6ksu Hal\u0131 Y\u0131kama, hal\u0131lar\u0131n\u0131z\u0131 taze ve temiz yapmak i\u00e7in en iyi se\u00e7im. Profesyonel hal\u0131 y\u0131kama hizmetimizle hal\u0131lar\u0131n\u0131z kirlerinden ar\u0131nacak","og_url":"https:\/\/goksuteppichreinigung.de\/tr\/hali-yikama","og_site_name":"G\u00f6ksu Hal\u0131 Y\u0131kama","article_modified_time":"2024-05-24T12:51:58+00:00","og_image":[{"width":850,"height":450,"url":"https:\/\/goksuteppichreinigung.de\/tr\/wp-content\/uploads\/2018\/03\/makinehalisi1.jpg","type":"image\/jpeg"}],"twitter_card":"summary_large_image","twitter_misc":{"Tahmini okuma s\u00fcresi":"2 dakika"},"schema":{"@context":"https:\/\/schema.org","@graph":[{"@type":"WebPage","@id":"https:\/\/goksuteppichreinigung.de\/tr\/hali-yikama","url":"https:\/\/goksuteppichreinigung.de\/tr\/hali-yikama","name":"Hal\u0131 Y\u0131kama - G\u00f6ksu Hal\u0131 Y\u0131kama","isPartOf":{"@id":"https:\/\/goksuteppichreinigung.de\/tr\/#website"},"primaryImageOfPage":{"@id":"https:\/\/goksuteppichreinigung.de\/tr\/hali-yikama#primaryimage"},"image":{"@id":"https:\/\/goksuteppichreinigung.de\/tr\/hali-yikama#primaryimage"},"thumbnailUrl":"https:\/\/goksuteppichreinigung.de\/tr\/wp-content\/uploads\/2018\/03\/makinehalisi1.jpg","datePublished":"2015-01-22T16:35:12+00:00","dateModified":"2024-05-24T12:51:58+00:00","description":"G\u00f6ksu Hal\u0131 Y\u0131kama, hal\u0131lar\u0131n\u0131z\u0131 taze ve temiz yapmak i\u00e7in en iyi se\u00e7im. Profesyonel hal\u0131 y\u0131kama hizmetimizle hal\u0131lar\u0131n\u0131z kirlerinden ar\u0131nacak","breadcrumb":{"@id":"https:\/\/goksuteppichreinigung.de\/tr\/hali-yikama#breadcrumb"},"inLanguage":"tr","potentialAction":[{"@type":"ReadAction","target":["https:\/\/goksuteppichreinigung.de\/tr\/hali-yikama"]}]},{"@type":"ImageObject","inLanguage":"tr","@id":"https:\/\/goksuteppichreinigung.de\/tr\/hali-yikama#primaryimage","url":"https:\/\/goksuteppichreinigung.de\/tr\/wp-content\/uploads\/2018\/03\/makinehalisi1.jpg","contentUrl":"https:\/\/goksuteppichreinigung.de\/tr\/wp-content\/uploads\/2018\/03\/makinehalisi1.jpg","width":850,"height":450},{"@type":"BreadcrumbList","@id":"https:\/\/goksuteppichreinigung.de\/tr\/hali-yikama#breadcrumb","itemListElement":[{"@type":"ListItem","position":1,"name":"Ana sayfa","item":"https:\/\/goksuteppichreinigung.de\/tr\/"},{"@type":"ListItem","position":2,"name":"Hal\u0131 Y\u0131kama"}]},{"@type":"WebSite","@id":"https:\/\/goksuteppichreinigung.de\/tr\/#website","url":"https:\/\/goksuteppichreinigung.de\/tr\/","name":"G\u00f6ksu Hal\u0131 Y\u0131kama","description":"","potentialAction":[{"@type":"SearchAction","target":{"@type":"EntryPoint","urlTemplate":"https:\/\/goksuteppichreinigung.de\/tr\/?s={search_term_string}"},"query-input":{"@type":"PropertyValueSpecification","valueRequired":true,"valueName":"search_term_string"}}],"inLanguage":"tr"}]}},"_links":{"self":[{"href":"https:\/\/goksuteppichreinigung.de\/tr\/wp-json\/wp\/v2\/pages\/661","targetHints":{"allow":["GET"]}}],"collection":[{"href":"https:\/\/goksuteppichreinigung.de\/tr\/wp-json\/wp\/v2\/pages"}],"about":[{"href":"https:\/\/goksuteppichreinigung.de\/tr\/wp-json\/wp\/v2\/types\/page"}],"author":[{"embeddable":true,"href":"https:\/\/goksuteppichreinigung.de\/tr\/wp-json\/wp\/v2\/users\/1"}],"replies":[{"embeddable":true,"href":"https:\/\/goksuteppichreinigung.de\/tr\/wp-json\/wp\/v2\/comments?post=661"}],"version-history":[{"count":0,"href":"https:\/\/goksuteppichreinigung.de\/tr\/wp-json\/wp\/v2\/pages\/661\/revisions"}],"wp:featuredmedia":[{"embeddable":true,"href":"https:\/\/goksuteppichreinigung.de\/tr\/wp-json\/wp\/v2\/media\/7038"}],"wp:attachment":[{"href":"https:\/\/goksuteppichreinigung.de\/tr\/wp-json\/wp\/v2\/media?parent=661"}],"curies":[{"name":"wp","href":"https:\/\/api.w.org\/{rel}","templated":true}]}}