{"id":5268,"date":"2015-09-01T10:52:48","date_gmt":"2015-09-01T10:52:48","guid":{"rendered":"http:\/\/export-xml.qreativethemes.com\/thelandscaper\/services\/\/?page_id=5268"},"modified":"2024-05-24T14:42:15","modified_gmt":"2024-05-24T11:42:15","slug":"servis-talep","status":"publish","type":"page","link":"https:\/\/goksuteppichreinigung.de\/tr\/servis-talep","title":{"rendered":"Servis Talep Formu"},"content":{"rendered":"<div id=\"pl-5268\"  class=\"panel-layout\" ><div id=\"pg-5268-0\"  class=\"panel-grid panel-no-style\" ><div id=\"pgc-5268-0-0\"  class=\"panel-grid-cell\" ><div id=\"panel-5268-0-0-0\" class=\"so-panel widget widget_black-studio-tinymce widget_black_studio_tinymce panel-first-child\" data-index=\"0\" ><div class=\"content-box panel-widget-style panel-widget-style-for-5268-0-0-0\" ><h3 class=\"widget-title\"><span class=\"light\">M\u00fc\u015fteri<\/span> Hizmetleri<\/h3><div class=\"textwidget\"><p><a href=\"http:\/\/export-xml.qreativethemes.com\/thelandscaper\/wp-content\/uploads\/sites\/2\/2015\/01\/placeholder_360x240.png\"><img loading=\"lazy\" decoding=\"async\" class=\"alignnone size-full wp-image-7096\" src=\"https:\/\/goksuteppichreinigung.de\/tr\/wp-content\/uploads\/2018\/03\/1-e1520177271938.jpg\" alt=\"\" width=\"360\" height=\"240\" \/><\/a><\/p>\n<p><span style=\"color: #cc0000;\">T\u00fcm soru ve sorunlar\u0131n\u0131z i\u00e7in arayabilirsiniz.<\/span><\/p>\n<p><span style=\"color: #cc0000;\"><span class=\"icon-wrap\"><i class=\"fa fa-phone\"><\/i><\/span> 015202011057 &amp; 015734795852<\/span><\/p>\n<\/div><\/div><\/div><div id=\"panel-5268-0-0-1\" class=\"so-panel widget widget_qt_icon_box widget-icon-box\" data-index=\"1\" >\t\t\t\t<div class=\"icon-box icon-big\">\n\t\t\t\t\t\t\t\t<i class=\"fa fa-home\"><\/i>\n\t\t\t\t\t<h6 class=\"title\">Adres Bilgileri<\/h6>\n\t\t\t\t\t\t\t\t\t\t\t<span class=\"subtitle\">Hartmannstr. 2 (im Innenhof) 45884 Gelsenkirchen<\/span>\n\t\t\t\t\t\t\t\t<\/div>\n\n\t\t\t<\/div><div id=\"panel-5268-0-0-2\" class=\"so-panel widget widget_qt_icon_box widget-icon-box panel-last-child\" data-index=\"2\" >\t\t\t\t<div class=\"icon-box icon-big\">\n\t\t\t\t\t\t\t\t<i class=\"fa fa-clock-o\"><\/i>\n\t\t\t\t\t<h6 class=\"title\">\u00c7al\u0131\u015fma Saatleri<\/h6>\n\t\t\t\t\t\t\t\t\t\t\t<span class=\"subtitle\">Pazartesi - Cuma : 08:30 - 19:00 Saturday &amp; Sunday: 09:00 - 18:00<\/span>\n\t\t\t\t\t\t\t\t<\/div>\n\n\t\t\t<\/div><\/div><div id=\"pgc-5268-0-1\"  class=\"panel-grid-cell\" ><div id=\"panel-5268-0-1-0\" class=\"so-panel widget widget_black-studio-tinymce widget_black_studio_tinymce panel-first-child panel-last-child\" data-index=\"3\" ><div class=\"textwidget\"><p>Servis talep formunu doldurarak bizlere hal\u0131 y\u0131kama taleplerinizi iletebilirsiniz.<\/p>\n<h6> <\/h6>\n<p>\n<div class=\"wpcf7 no-js\" id=\"wpcf7-f5267-o1\" lang=\"en-US\" dir=\"ltr\" data-wpcf7-id=\"5267\">\n<div class=\"screen-reader-response\"><p role=\"status\" aria-live=\"polite\" aria-atomic=\"true\"><\/p> <ul><\/ul><\/div>\n<form action=\"\/tr\/wp-json\/wp\/v2\/pages\/5268#wpcf7-f5267-o1\" method=\"post\" class=\"wpcf7-form init\" aria-label=\"Contact form\" novalidate=\"novalidate\" data-status=\"init\">\n<fieldset class=\"hidden-fields-container\"><input type=\"hidden\" name=\"_wpcf7\" value=\"5267\" \/><input type=\"hidden\" name=\"_wpcf7_version\" value=\"6.1.5\" \/><input type=\"hidden\" name=\"_wpcf7_locale\" value=\"en_US\" \/><input type=\"hidden\" name=\"_wpcf7_unit_tag\" value=\"wpcf7-f5267-o1\" \/><input type=\"hidden\" name=\"_wpcf7_container_post\" value=\"0\" \/><input type=\"hidden\" name=\"_wpcf7_posted_data_hash\" value=\"\" \/>\n<\/fieldset>\n<div class=\"row\">\n\t<div class=\"col-xs-12 col-md-6\">\n\t\t<p><span>\u0130sminiz <span class=\"wpcf7-form-control-wrap\" data-name=\"your-name\"><input size=\"40\" maxlength=\"400\" class=\"wpcf7-form-control wpcf7-text wpcf7-validates-as-required\" aria-required=\"true\" aria-invalid=\"false\" placeholder=\"\u0130sminiz\" value=\"\" type=\"text\" name=\"your-name\" \/><\/span><\/span>\n\t\t<\/p>\n\t<\/div>\n\t<div class=\"col-xs-12 col-md-6\">\n\t\t<p><span>Detayl\u0131 Adresiniz <span class=\"wpcf7-form-control-wrap\" data-name=\"your-address\"><input size=\"40\" maxlength=\"400\" class=\"wpcf7-form-control wpcf7-text wpcf7-validates-as-required\" aria-required=\"true\" aria-invalid=\"false\" placeholder=\"Detayl\u0131 Adresiniz\" value=\"\" type=\"text\" name=\"your-address\" \/><\/span><\/span>\n\t\t<\/p>\n\t<\/div>\n\t<div class=\"col-xs-12 col-md-6\">\n\t\t<p><span>E Mail Adresiniz<span class=\"wpcf7-form-control-wrap\" data-name=\"your-email\"><input size=\"40\" maxlength=\"400\" class=\"wpcf7-form-control wpcf7-email wpcf7-validates-as-required wpcf7-text wpcf7-validates-as-email\" aria-required=\"true\" aria-invalid=\"false\" placeholder=\"E Mail Adresiniz\" value=\"\" type=\"email\" name=\"your-email\" \/><\/span><\/span>\n\t\t<\/p>\n\t<\/div>\n\t<div class=\"col-xs-12 col-md-6\">\n\t\t<p><span>Telefon Numaran\u0131z<span class=\"wpcf7-form-control-wrap\" data-name=\"your-phone\"><input size=\"40\" maxlength=\"400\" class=\"wpcf7-form-control wpcf7-tel wpcf7-validates-as-required wpcf7-text wpcf7-validates-as-tel\" aria-required=\"true\" aria-invalid=\"false\" placeholder=\"Telefon Numaran\u0131z\" value=\"\" type=\"tel\" name=\"your-phone\" \/><\/span><\/span>\n\t\t<\/p>\n\t<\/div>\n\t<div class=\"col-xs-12 col-md-6\">\n\t\t<p><span>Ne Zaman Alal\u0131m? * <span class=\"wpcf7-form-control-wrap\" data-name=\"the-date\"><input class=\"wpcf7-form-control wpcf7-date wpcf7-validates-as-date\" aria-invalid=\"false\" value=\"\" type=\"date\" name=\"the-date\" \/><\/span><\/span>\n\t\t<\/p>\n\t<\/div>\n\t<div class=\"col-xs-12 col-md-6\">\n\t\t<p><span>Saat Ka\u00e7ta Gelelim? * <span class=\"wpcf7-form-control-wrap\" data-name=\"the-time\"><select class=\"wpcf7-form-control wpcf7-select wpcf7-validates-as-required\" aria-required=\"true\" aria-invalid=\"false\" name=\"the-time\"><option value=\"08:00 AM\">08:00 AM<\/option><option value=\"09:00 AM\">09:00 AM<\/option><option value=\"10:00 AM\">10:00 AM<\/option><option value=\"11:00 AM\">11:00 AM<\/option><option value=\"12:00 AM\">12:00 AM<\/option><option value=\"01:00 PM\">01:00 PM<\/option><option value=\"02:00 PM\">02:00 PM<\/option><option value=\"03:00 PM\">03:00 PM<\/option><option value=\"04:00 PM\">04:00 PM<\/option><option value=\"05:00 PM\">05:00 PM<\/option><option value=\"06:00 PM\">06:00 PM<\/option><\/select><\/span><\/span>\n\t\t<\/p>\n\t<\/div>\n<\/div>\n<div class=\"row\">\n\t<div class=\"col-xs-12 col-md-6\">\n\t\t<p><span>I am interested in:<\/span><span class=\"wpcf7-form-control-wrap\" data-name=\"services\"><span class=\"wpcf7-form-control wpcf7-checkbox\"><span class=\"wpcf7-list-item first\"><label><input type=\"checkbox\" name=\"services[]\" value=\"Hal\u0131 Y\u0131kama\" \/><span class=\"wpcf7-list-item-label\">Hal\u0131 Y\u0131kama<\/span><\/label><\/span><span class=\"wpcf7-list-item\"><label><input type=\"checkbox\" name=\"services[]\" value=\"Koltuk Y\u0131kama\" \/><span class=\"wpcf7-list-item-label\">Koltuk Y\u0131kama<\/span><\/label><\/span><span class=\"wpcf7-list-item\"><label><input type=\"checkbox\" name=\"services[]\" value=\"Perde Y\u0131kama\" \/><span class=\"wpcf7-list-item-label\">Perde Y\u0131kama<\/span><\/label><\/span><span class=\"wpcf7-list-item\"><label><input type=\"checkbox\" name=\"services[]\" value=\"Yorgan Y\u0131kama\" \/><span class=\"wpcf7-list-item-label\">Yorgan Y\u0131kama<\/span><\/label><\/span><span class=\"wpcf7-list-item\"><label><input type=\"checkbox\" name=\"services[]\" value=\"Yatak Y\u0131kama\" \/><span class=\"wpcf7-list-item-label\">Yatak Y\u0131kama<\/span><\/label><\/span><span class=\"wpcf7-list-item last\"><label><input type=\"checkbox\" name=\"services[]\" value=\"Araba Koltu\u011fu Y\u0131kama\" \/><span class=\"wpcf7-list-item-label\">Araba Koltu\u011fu Y\u0131kama<\/span><\/label><\/span><\/span><\/span>\n\t\t<\/p>\n\t<\/div>\n\t<div class=\"col-xs-12 col-md-6\">\n\t\t<p><span>Mesaj\u0131n\u0131z\u0131 Yaz\u0131n<\/span><span class=\"wpcf7-form-control-wrap\" data-name=\"extra-message\"><textarea cols=\"40\" rows=\"10\" maxlength=\"2000\" class=\"wpcf7-form-control wpcf7-textarea\" aria-invalid=\"false\" placeholder=\"detaylar..\" name=\"extra-message\"><\/textarea><\/span><input class=\"wpcf7-form-control wpcf7-submit has-spinner btn btn-primary\" type=\"submit\" value=\"TALEB\u0130 G\u00d6NDER\" \/>\n\t\t<\/p>\n\t<\/div>\n<\/div><div class=\"wpcf7-response-output\" aria-hidden=\"true\"><\/div>\n<\/form>\n<\/div>\n<\/p>\n<\/div><\/div><\/div><\/div><\/div>","protected":false},"excerpt":{"rendered":"<p>T\u00fcm soru ve sorunlar\u0131n\u0131z i\u00e7in arayabilirsiniz. 015202011057 &amp; 015734795852 Servis talep formunu doldurarak bizlere hal\u0131 y\u0131kama taleplerinizi iletebilirsiniz.<\/p>\n","protected":false},"author":1,"featured_media":0,"parent":0,"menu_order":0,"comment_status":"closed","ping_status":"closed","template":"","meta":{"footnotes":""},"class_list":["post-5268","page","type-page","status-publish","hentry"],"yoast_head":"<!-- This site is optimized with the Yoast SEO plugin v27.4 - https:\/\/yoast.com\/product\/yoast-seo-wordpress\/ -->\n<title>Servis Talep Formu - G\u00f6ksu Hal\u0131 Y\u0131kama<\/title>\n<meta name=\"description\" content=\"G\u00f6ksu Hal\u0131 Y\u0131kama&#039;dan Hal\u0131 y\u0131kama, Koltuk y\u0131kama, Perde y\u0131kama, Yorgan y\u0131kama, Yatak y\u0131kama, Araba koltu\u011fu y\u0131kama hizmeti alabilirsiniz.\" \/>\n<meta name=\"robots\" content=\"index, follow, max-snippet:-1, max-image-preview:large, max-video-preview:-1\" \/>\n<link rel=\"canonical\" href=\"https:\/\/goksuteppichreinigung.de\/tr\/servis-talep\" \/>\n<meta property=\"og:locale\" content=\"tr_TR\" \/>\n<meta property=\"og:type\" content=\"article\" \/>\n<meta property=\"og:title\" content=\"Servis Talep Formu - G\u00f6ksu Hal\u0131 Y\u0131kama\" \/>\n<meta property=\"og:description\" content=\"G\u00f6ksu Hal\u0131 Y\u0131kama&#039;dan Hal\u0131 y\u0131kama, Koltuk y\u0131kama, Perde y\u0131kama, Yorgan y\u0131kama, Yatak y\u0131kama, Araba koltu\u011fu y\u0131kama hizmeti alabilirsiniz.\" \/>\n<meta property=\"og:url\" content=\"https:\/\/goksuteppichreinigung.de\/tr\/servis-talep\" \/>\n<meta property=\"og:site_name\" content=\"G\u00f6ksu Hal\u0131 Y\u0131kama\" \/>\n<meta property=\"article:modified_time\" content=\"2024-05-24T11:42:15+00:00\" \/>\n<meta property=\"og:image\" content=\"https:\/\/goksuteppichreinigung.de\/tr\/wp-content\/uploads\/2018\/03\/1-e1520177271938.jpg\" \/>\n<meta name=\"twitter:card\" content=\"summary_large_image\" \/>\n<meta name=\"twitter:label1\" content=\"Tahmini okuma s\u00fcresi\" \/>\n\t<meta name=\"twitter:data1\" content=\"1 dakika\" \/>\n<script type=\"application\/ld+json\" class=\"yoast-schema-graph\">{\"@context\":\"https:\\\/\\\/schema.org\",\"@graph\":[{\"@type\":\"WebPage\",\"@id\":\"https:\\\/\\\/goksuteppichreinigung.de\\\/tr\\\/servis-talep\",\"url\":\"https:\\\/\\\/goksuteppichreinigung.de\\\/tr\\\/servis-talep\",\"name\":\"Servis Talep Formu - G\u00f6ksu Hal\u0131 Y\u0131kama\",\"isPartOf\":{\"@id\":\"https:\\\/\\\/goksuteppichreinigung.de\\\/tr\\\/#website\"},\"primaryImageOfPage\":{\"@id\":\"https:\\\/\\\/goksuteppichreinigung.de\\\/tr\\\/servis-talep#primaryimage\"},\"image\":{\"@id\":\"https:\\\/\\\/goksuteppichreinigung.de\\\/tr\\\/servis-talep#primaryimage\"},\"thumbnailUrl\":\"https:\\\/\\\/goksuteppichreinigung.de\\\/tr\\\/wp-content\\\/uploads\\\/2018\\\/03\\\/1-e1520177271938.jpg\",\"datePublished\":\"2015-09-01T10:52:48+00:00\",\"dateModified\":\"2024-05-24T11:42:15+00:00\",\"description\":\"G\u00f6ksu Hal\u0131 Y\u0131kama'dan Hal\u0131 y\u0131kama, Koltuk y\u0131kama, Perde y\u0131kama, Yorgan y\u0131kama, Yatak y\u0131kama, Araba koltu\u011fu y\u0131kama hizmeti alabilirsiniz.\",\"breadcrumb\":{\"@id\":\"https:\\\/\\\/goksuteppichreinigung.de\\\/tr\\\/servis-talep#breadcrumb\"},\"inLanguage\":\"tr\",\"potentialAction\":[{\"@type\":\"ReadAction\",\"target\":[\"https:\\\/\\\/goksuteppichreinigung.de\\\/tr\\\/servis-talep\"]}]},{\"@type\":\"ImageObject\",\"inLanguage\":\"tr\",\"@id\":\"https:\\\/\\\/goksuteppichreinigung.de\\\/tr\\\/servis-talep#primaryimage\",\"url\":\"https:\\\/\\\/goksuteppichreinigung.de\\\/tr\\\/wp-content\\\/uploads\\\/2018\\\/03\\\/1-e1520177271938.jpg\",\"contentUrl\":\"https:\\\/\\\/goksuteppichreinigung.de\\\/tr\\\/wp-content\\\/uploads\\\/2018\\\/03\\\/1-e1520177271938.jpg\",\"width\":360,\"height\":240},{\"@type\":\"BreadcrumbList\",\"@id\":\"https:\\\/\\\/goksuteppichreinigung.de\\\/tr\\\/servis-talep#breadcrumb\",\"itemListElement\":[{\"@type\":\"ListItem\",\"position\":1,\"name\":\"Ana sayfa\",\"item\":\"https:\\\/\\\/goksuteppichreinigung.de\\\/tr\\\/\"},{\"@type\":\"ListItem\",\"position\":2,\"name\":\"Servis Talep Formu\"}]},{\"@type\":\"WebSite\",\"@id\":\"https:\\\/\\\/goksuteppichreinigung.de\\\/tr\\\/#website\",\"url\":\"https:\\\/\\\/goksuteppichreinigung.de\\\/tr\\\/\",\"name\":\"G\u00f6ksu Hal\u0131 Y\u0131kama\",\"description\":\"\",\"potentialAction\":[{\"@type\":\"SearchAction\",\"target\":{\"@type\":\"EntryPoint\",\"urlTemplate\":\"https:\\\/\\\/goksuteppichreinigung.de\\\/tr\\\/?s={search_term_string}\"},\"query-input\":{\"@type\":\"PropertyValueSpecification\",\"valueRequired\":true,\"valueName\":\"search_term_string\"}}],\"inLanguage\":\"tr\"}]}<\/script>\n<!-- \/ Yoast SEO plugin. -->","yoast_head_json":{"title":"Servis Talep Formu - G\u00f6ksu Hal\u0131 Y\u0131kama","description":"G\u00f6ksu Hal\u0131 Y\u0131kama'dan Hal\u0131 y\u0131kama, Koltuk y\u0131kama, Perde y\u0131kama, Yorgan y\u0131kama, Yatak y\u0131kama, Araba koltu\u011fu y\u0131kama hizmeti alabilirsiniz.","robots":{"index":"index","follow":"follow","max-snippet":"max-snippet:-1","max-image-preview":"max-image-preview:large","max-video-preview":"max-video-preview:-1"},"canonical":"https:\/\/goksuteppichreinigung.de\/tr\/servis-talep","og_locale":"tr_TR","og_type":"article","og_title":"Servis Talep Formu - G\u00f6ksu Hal\u0131 Y\u0131kama","og_description":"G\u00f6ksu Hal\u0131 Y\u0131kama'dan Hal\u0131 y\u0131kama, Koltuk y\u0131kama, Perde y\u0131kama, Yorgan y\u0131kama, Yatak y\u0131kama, Araba koltu\u011fu y\u0131kama hizmeti alabilirsiniz.","og_url":"https:\/\/goksuteppichreinigung.de\/tr\/servis-talep","og_site_name":"G\u00f6ksu Hal\u0131 Y\u0131kama","article_modified_time":"2024-05-24T11:42:15+00:00","og_image":[{"url":"https:\/\/goksuteppichreinigung.de\/tr\/wp-content\/uploads\/2018\/03\/1-e1520177271938.jpg","type":"","width":"","height":""}],"twitter_card":"summary_large_image","twitter_misc":{"Tahmini okuma s\u00fcresi":"1 dakika"},"schema":{"@context":"https:\/\/schema.org","@graph":[{"@type":"WebPage","@id":"https:\/\/goksuteppichreinigung.de\/tr\/servis-talep","url":"https:\/\/goksuteppichreinigung.de\/tr\/servis-talep","name":"Servis Talep Formu - G\u00f6ksu Hal\u0131 Y\u0131kama","isPartOf":{"@id":"https:\/\/goksuteppichreinigung.de\/tr\/#website"},"primaryImageOfPage":{"@id":"https:\/\/goksuteppichreinigung.de\/tr\/servis-talep#primaryimage"},"image":{"@id":"https:\/\/goksuteppichreinigung.de\/tr\/servis-talep#primaryimage"},"thumbnailUrl":"https:\/\/goksuteppichreinigung.de\/tr\/wp-content\/uploads\/2018\/03\/1-e1520177271938.jpg","datePublished":"2015-09-01T10:52:48+00:00","dateModified":"2024-05-24T11:42:15+00:00","description":"G\u00f6ksu Hal\u0131 Y\u0131kama'dan Hal\u0131 y\u0131kama, Koltuk y\u0131kama, Perde y\u0131kama, Yorgan y\u0131kama, Yatak y\u0131kama, Araba koltu\u011fu y\u0131kama hizmeti alabilirsiniz.","breadcrumb":{"@id":"https:\/\/goksuteppichreinigung.de\/tr\/servis-talep#breadcrumb"},"inLanguage":"tr","potentialAction":[{"@type":"ReadAction","target":["https:\/\/goksuteppichreinigung.de\/tr\/servis-talep"]}]},{"@type":"ImageObject","inLanguage":"tr","@id":"https:\/\/goksuteppichreinigung.de\/tr\/servis-talep#primaryimage","url":"https:\/\/goksuteppichreinigung.de\/tr\/wp-content\/uploads\/2018\/03\/1-e1520177271938.jpg","contentUrl":"https:\/\/goksuteppichreinigung.de\/tr\/wp-content\/uploads\/2018\/03\/1-e1520177271938.jpg","width":360,"height":240},{"@type":"BreadcrumbList","@id":"https:\/\/goksuteppichreinigung.de\/tr\/servis-talep#breadcrumb","itemListElement":[{"@type":"ListItem","position":1,"name":"Ana sayfa","item":"https:\/\/goksuteppichreinigung.de\/tr\/"},{"@type":"ListItem","position":2,"name":"Servis Talep Formu"}]},{"@type":"WebSite","@id":"https:\/\/goksuteppichreinigung.de\/tr\/#website","url":"https:\/\/goksuteppichreinigung.de\/tr\/","name":"G\u00f6ksu Hal\u0131 Y\u0131kama","description":"","potentialAction":[{"@type":"SearchAction","target":{"@type":"EntryPoint","urlTemplate":"https:\/\/goksuteppichreinigung.de\/tr\/?s={search_term_string}"},"query-input":{"@type":"PropertyValueSpecification","valueRequired":true,"valueName":"search_term_string"}}],"inLanguage":"tr"}]}},"_links":{"self":[{"href":"https:\/\/goksuteppichreinigung.de\/tr\/wp-json\/wp\/v2\/pages\/5268","targetHints":{"allow":["GET"]}}],"collection":[{"href":"https:\/\/goksuteppichreinigung.de\/tr\/wp-json\/wp\/v2\/pages"}],"about":[{"href":"https:\/\/goksuteppichreinigung.de\/tr\/wp-json\/wp\/v2\/types\/page"}],"author":[{"embeddable":true,"href":"https:\/\/goksuteppichreinigung.de\/tr\/wp-json\/wp\/v2\/users\/1"}],"replies":[{"embeddable":true,"href":"https:\/\/goksuteppichreinigung.de\/tr\/wp-json\/wp\/v2\/comments?post=5268"}],"version-history":[{"count":0,"href":"https:\/\/goksuteppichreinigung.de\/tr\/wp-json\/wp\/v2\/pages\/5268\/revisions"}],"wp:attachment":[{"href":"https:\/\/goksuteppichreinigung.de\/tr\/wp-json\/wp\/v2\/media?parent=5268"}],"curies":[{"name":"wp","href":"https:\/\/api.w.org\/{rel}","templated":true}]}}