{"id":227,"date":"2015-01-13T14:26:51","date_gmt":"2015-01-13T14:26:51","guid":{"rendered":"http:\/\/localhost:8888\/construction\/?page_id=227"},"modified":"2024-05-24T14:37:09","modified_gmt":"2024-05-24T11:37:09","slug":"iletisim","status":"publish","type":"page","link":"https:\/\/goksuteppichreinigung.de\/tr\/iletisim","title":{"rendered":"\u0130leti\u015fim"},"content":{"rendered":"<div id=\"pl-227\" class=\"panel-layout\">\n<div id=\"pg-227-0\" class=\"panel-grid panel-no-style\" data-style=\"{&quot;background_display&quot;:&quot;tile&quot;,&quot;bottom_margin&quot;:&quot;60px&quot;}\">\n<div id=\"pgc-227-0-0\" class=\"panel-grid-cell\" data-weight=\"0.700188458253\">\n<div id=\"panel-227-0-0-0\" class=\"so-panel widget widget_black-studio-tinymce widget_black_studio_tinymce panel-first-child panel-last-child\" data-index=\"0\" data-style=\"{&quot;background_image_attachment&quot;:false,&quot;background_display&quot;:&quot;tile&quot;,&quot;white_widget_title&quot;:&quot;&quot;,&quot;text_center&quot;:&quot;&quot;,&quot;border_box&quot;:&quot;&quot;,&quot;content_box&quot;:&quot;&quot;}\">\n<h3 class=\"widget-title\"><span class=\"light\">\u0130leti\u015fim<\/span> Bilgilerimiz<\/h3>\n<div class=\"textwidget\">\n<p style=\"margin-bottom: 20px;\">G\u00f6ksu Hal\u0131 Y\u0131kama&#8217;ya telefon ve mail yoluyla ula\u015fabilir; her t\u00fcrl\u00fc soru ve g\u00f6r\u00fc\u015fleriniz i\u00e7in a\u015fa\u011f\u0131daki ileti\u015fim formunu kullanabilirsiniz.<\/p>\n<div id=\"wpcf7-f630-o2\" class=\"wpcf7\" dir=\"ltr\" lang=\"en-US\" role=\"form\">\n<div class=\"screen-reader-response\"><\/div>\n<form class=\"wpcf7-form\" action=\"\/wp-admin\/post.php#wpcf7-f630-o2\" method=\"post\" novalidate=\"novalidate\">\n<div style=\"display: none;\"><input name=\"_wpcf7\" type=\"hidden\" value=\"630\" \/><br \/>\n<input name=\"_wpcf7_version\" type=\"hidden\" value=\"5.1.1\" \/><br \/>\n<input name=\"_wpcf7_locale\" type=\"hidden\" value=\"en_US\" \/><br \/>\n<input name=\"_wpcf7_unit_tag\" type=\"hidden\" value=\"wpcf7-f630-o2\" \/><br \/>\n<input name=\"_wpcf7_container_post\" type=\"hidden\" value=\"0\" \/><br \/>\n<input name=\"g-recaptcha-response\" type=\"hidden\" value=\"\" \/><\/div>\n<div class=\"row\">\n<div class=\"col-xs-12 col-md-6\">\u0130sminiz *<br \/>\n<span class=\"wpcf7-form-control-wrap your-name\"><input class=\"wpcf7-form-control wpcf7-text wpcf7-validates-as-required\" name=\"your-name\" size=\"40\" type=\"text\" value=\"\" placeholder=\"isminiz\" aria-required=\"true\" aria-invalid=\"false\" \/><\/span><\/div>\n<div class=\"col-xs-12 col-md-6\">E Mail Adresiniz *<br \/>\n<span class=\"wpcf7-form-control-wrap your-email\"><input class=\"wpcf7-form-control wpcf7-text wpcf7-email wpcf7-validates-as-required wpcf7-validates-as-email\" name=\"your-email\" size=\"40\" type=\"email\" value=\"\" placeholder=\"E-mail Adresiniz\" aria-required=\"true\" aria-invalid=\"false\" \/><\/span><\/div>\n<div class=\"col-xs-12 col-md-6\">Konu<br \/>\n<span class=\"wpcf7-form-control-wrap your-subject\"><input class=\"wpcf7-form-control wpcf7-text\" name=\"your-subject\" size=\"40\" type=\"text\" value=\"\" placeholder=\"Konu\" aria-invalid=\"false\" \/><\/span><\/div>\n<div class=\"col-xs-12 col-md-6\">Telefon Numaras\u0131 *<br \/>\n<span class=\"wpcf7-form-control-wrap phone-number\"><input class=\"wpcf7-form-control wpcf7-text wpcf7-tel wpcf7-validates-as-tel\" name=\"phone-number\" size=\"40\" type=\"tel\" value=\"\" placeholder=\"Telefon Numaras\u0131\" aria-invalid=\"false\" \/><\/span><\/div>\n<div class=\"col-xs-12\">Mesaj\u0131n\u0131z *<br \/>\n<span class=\"wpcf7-form-control-wrap your-message\"><textarea class=\"wpcf7-form-control wpcf7-textarea wpcf7-validates-as-required\" cols=\"40\" name=\"your-message\" rows=\"10\" placeholder=\"Mesaj\u0131n\u0131z\u0131 Yaz\u0131n..\" aria-required=\"true\" aria-invalid=\"false\"><\/textarea><\/span><\/div>\n<div class=\"col-xs-12\"><input class=\"wpcf7-form-control wpcf7-submit btn btn-primary\" type=\"submit\" value=\"G\u00d6NDER\" \/><br \/>\n<span class=\"info-text\">* \u0130\u015faretli alanlar zorunludur<\/span><\/div>\n<\/div>\n<div class=\"wpcf7-response-output wpcf7-display-none\"><\/div>\n<\/form>\n<\/div>\n<\/div>\n<\/div>\n<\/div>\n<div id=\"pgc-227-0-1\" class=\"panel-grid-cell\" data-weight=\"0.299811541747\">\n<div id=\"panel-227-0-1-0\" class=\"so-panel widget widget_black-studio-tinymce widget_black_studio_tinymce panel-first-child\" data-index=\"1\" data-style=\"{&quot;class&quot;:&quot;content-box&quot;,&quot;background_image_attachment&quot;:false,&quot;background_display&quot;:&quot;tile&quot;,&quot;white_widget_title&quot;:&quot;&quot;,&quot;text_center&quot;:&quot;&quot;,&quot;border_box&quot;:&quot;&quot;,&quot;content_box&quot;:&quot;&quot;}\">\n<div class=\"content-box panel-widget-style panel-widget-style-for-227-0-1-0\">\n<h3 class=\"widget-title\"><span class=\"light\">\u0130leti\u015fim<\/span> Bilgileri<\/h3>\n<div class=\"textwidget\">\n<p><strong>G\u00f6ksu Hal\u0131 Y\u0131kama.<\/strong><\/p>\n<p>Hartmannstr. 2 (im Innenhof)<br \/>\n45884 Gelsenkirchen<\/p>\n<p>Telefon: 015734795852<a href=\"#\"><br \/>\n<\/a>Telefon: 015202011057<br \/>\nE-mail: service@goksuteppichreinigung.de<\/p>\n<\/div>\n<\/div>\n<\/div>\n<div id=\"panel-227-0-1-1\" class=\"so-panel widget widget_qt_opening_hours widget-opening-hours panel-last-child\" data-index=\"2\" data-style=\"{&quot;class&quot;:&quot;content-box&quot;,&quot;background_image_attachment&quot;:false,&quot;background_display&quot;:&quot;tile&quot;,&quot;white_widget_title&quot;:&quot;&quot;,&quot;text_center&quot;:&quot;&quot;,&quot;border_box&quot;:&quot;&quot;,&quot;content_box&quot;:&quot;&quot;}\">\n<div class=\"content-box panel-widget-style panel-widget-style-for-227-0-1-1\"><h3 class=\"widget-title\"><span class=\"light\">\u00c7al\u0131\u015fma<\/span> Saatlerimiz<\/h3><div class=\"opening-times\"><ul><li class=\"weekday\">Monday<span class=\"right\">08:30-19:00<\/span><\/li><li class=\"weekday\">Tuesday<span class=\"right\">08:30-19:00<\/span><\/li><li class=\"weekday\">Wednesday<span class=\"right\">08:30-19:00<\/span><\/li><li class=\"weekday\">Thursday<span class=\"right\">08:30-19:00<\/span><\/li><li class=\"weekday today\">Friday<span class=\"right\">08:30-19:00<\/span><\/li><li class=\"weekday\">Saturday<span class=\"right\">08:30-19:00<\/span><\/li><li class=\"weekday\">Sunday<span class=\"right\">08:30-19:00<\/span><\/li><\/ul><\/div><\/div>\n<\/div>\n<\/div>\n<\/div>\n<\/div>\n","protected":false},"excerpt":{"rendered":"<p>Curabitur sodales ligula in libero. Sed dignissim lacinia nunc. Curabitur tortor. Pellentesque nibh. Aenean quam. In scelerisque sem at dolor. Maecenas mattis. Sed convallis tristique sem. Proin ut ligula vel nunc egestas porttitor. Morbi lectus risus, iaculis vel, suscipit quis, luctus non, massa.<\/p>\n","protected":false},"author":1,"featured_media":0,"parent":0,"menu_order":0,"comment_status":"closed","ping_status":"closed","template":"","meta":{"footnotes":""},"class_list":["post-227","page","type-page","status-publish","hentry"],"yoast_head":"<!-- This site is optimized with the Yoast SEO plugin v27.4 - https:\/\/yoast.com\/product\/yoast-seo-wordpress\/ -->\n<title>\u0130leti\u015fim - G\u00f6ksu Hal\u0131 Y\u0131kama<\/title>\n<meta name=\"robots\" content=\"index, follow, max-snippet:-1, max-image-preview:large, max-video-preview:-1\" \/>\n<link rel=\"canonical\" href=\"https:\/\/goksuteppichreinigung.de\/tr\/iletisim\" \/>\n<meta property=\"og:locale\" content=\"tr_TR\" \/>\n<meta property=\"og:type\" content=\"article\" \/>\n<meta property=\"og:title\" content=\"\u0130leti\u015fim - G\u00f6ksu Hal\u0131 Y\u0131kama\" \/>\n<meta property=\"og:description\" content=\"Curabitur sodales ligula in libero. Sed dignissim lacinia nunc. Curabitur tortor. Pellentesque nibh. Aenean quam. In scelerisque sem at dolor. Maecenas mattis. Sed convallis tristique sem. Proin ut ligula vel nunc egestas porttitor. Morbi lectus risus, iaculis vel, suscipit quis, luctus non, massa.\" \/>\n<meta property=\"og:url\" content=\"https:\/\/goksuteppichreinigung.de\/tr\/iletisim\" \/>\n<meta property=\"og:site_name\" content=\"G\u00f6ksu Hal\u0131 Y\u0131kama\" \/>\n<meta property=\"article:modified_time\" content=\"2024-05-24T11:37:09+00:00\" \/>\n<meta name=\"twitter:card\" content=\"summary_large_image\" \/>\n<meta name=\"twitter:label1\" content=\"Tahmini okuma s\u00fcresi\" \/>\n\t<meta name=\"twitter:data1\" content=\"1 dakika\" \/>\n<script type=\"application\/ld+json\" class=\"yoast-schema-graph\">{\"@context\":\"https:\\\/\\\/schema.org\",\"@graph\":[{\"@type\":\"WebPage\",\"@id\":\"https:\\\/\\\/goksuteppichreinigung.de\\\/tr\\\/iletisim\",\"url\":\"https:\\\/\\\/goksuteppichreinigung.de\\\/tr\\\/iletisim\",\"name\":\"\u0130leti\u015fim - G\u00f6ksu Hal\u0131 Y\u0131kama\",\"isPartOf\":{\"@id\":\"https:\\\/\\\/goksuteppichreinigung.de\\\/tr\\\/#website\"},\"datePublished\":\"2015-01-13T14:26:51+00:00\",\"dateModified\":\"2024-05-24T11:37:09+00:00\",\"breadcrumb\":{\"@id\":\"https:\\\/\\\/goksuteppichreinigung.de\\\/tr\\\/iletisim#breadcrumb\"},\"inLanguage\":\"tr\",\"potentialAction\":[{\"@type\":\"ReadAction\",\"target\":[\"https:\\\/\\\/goksuteppichreinigung.de\\\/tr\\\/iletisim\"]}]},{\"@type\":\"BreadcrumbList\",\"@id\":\"https:\\\/\\\/goksuteppichreinigung.de\\\/tr\\\/iletisim#breadcrumb\",\"itemListElement\":[{\"@type\":\"ListItem\",\"position\":1,\"name\":\"Ana sayfa\",\"item\":\"https:\\\/\\\/goksuteppichreinigung.de\\\/tr\\\/\"},{\"@type\":\"ListItem\",\"position\":2,\"name\":\"\u0130leti\u015fim\"}]},{\"@type\":\"WebSite\",\"@id\":\"https:\\\/\\\/goksuteppichreinigung.de\\\/tr\\\/#website\",\"url\":\"https:\\\/\\\/goksuteppichreinigung.de\\\/tr\\\/\",\"name\":\"G\u00f6ksu Hal\u0131 Y\u0131kama\",\"description\":\"\",\"potentialAction\":[{\"@type\":\"SearchAction\",\"target\":{\"@type\":\"EntryPoint\",\"urlTemplate\":\"https:\\\/\\\/goksuteppichreinigung.de\\\/tr\\\/?s={search_term_string}\"},\"query-input\":{\"@type\":\"PropertyValueSpecification\",\"valueRequired\":true,\"valueName\":\"search_term_string\"}}],\"inLanguage\":\"tr\"}]}<\/script>\n<!-- \/ Yoast SEO plugin. -->","yoast_head_json":{"title":"\u0130leti\u015fim - G\u00f6ksu Hal\u0131 Y\u0131kama","robots":{"index":"index","follow":"follow","max-snippet":"max-snippet:-1","max-image-preview":"max-image-preview:large","max-video-preview":"max-video-preview:-1"},"canonical":"https:\/\/goksuteppichreinigung.de\/tr\/iletisim","og_locale":"tr_TR","og_type":"article","og_title":"\u0130leti\u015fim - G\u00f6ksu Hal\u0131 Y\u0131kama","og_description":"Curabitur sodales ligula in libero. Sed dignissim lacinia nunc. Curabitur tortor. Pellentesque nibh. Aenean quam. In scelerisque sem at dolor. Maecenas mattis. Sed convallis tristique sem. Proin ut ligula vel nunc egestas porttitor. Morbi lectus risus, iaculis vel, suscipit quis, luctus non, massa.","og_url":"https:\/\/goksuteppichreinigung.de\/tr\/iletisim","og_site_name":"G\u00f6ksu Hal\u0131 Y\u0131kama","article_modified_time":"2024-05-24T11:37:09+00:00","twitter_card":"summary_large_image","twitter_misc":{"Tahmini okuma s\u00fcresi":"1 dakika"},"schema":{"@context":"https:\/\/schema.org","@graph":[{"@type":"WebPage","@id":"https:\/\/goksuteppichreinigung.de\/tr\/iletisim","url":"https:\/\/goksuteppichreinigung.de\/tr\/iletisim","name":"\u0130leti\u015fim - G\u00f6ksu Hal\u0131 Y\u0131kama","isPartOf":{"@id":"https:\/\/goksuteppichreinigung.de\/tr\/#website"},"datePublished":"2015-01-13T14:26:51+00:00","dateModified":"2024-05-24T11:37:09+00:00","breadcrumb":{"@id":"https:\/\/goksuteppichreinigung.de\/tr\/iletisim#breadcrumb"},"inLanguage":"tr","potentialAction":[{"@type":"ReadAction","target":["https:\/\/goksuteppichreinigung.de\/tr\/iletisim"]}]},{"@type":"BreadcrumbList","@id":"https:\/\/goksuteppichreinigung.de\/tr\/iletisim#breadcrumb","itemListElement":[{"@type":"ListItem","position":1,"name":"Ana sayfa","item":"https:\/\/goksuteppichreinigung.de\/tr\/"},{"@type":"ListItem","position":2,"name":"\u0130leti\u015fim"}]},{"@type":"WebSite","@id":"https:\/\/goksuteppichreinigung.de\/tr\/#website","url":"https:\/\/goksuteppichreinigung.de\/tr\/","name":"G\u00f6ksu Hal\u0131 Y\u0131kama","description":"","potentialAction":[{"@type":"SearchAction","target":{"@type":"EntryPoint","urlTemplate":"https:\/\/goksuteppichreinigung.de\/tr\/?s={search_term_string}"},"query-input":{"@type":"PropertyValueSpecification","valueRequired":true,"valueName":"search_term_string"}}],"inLanguage":"tr"}]}},"_links":{"self":[{"href":"https:\/\/goksuteppichreinigung.de\/tr\/wp-json\/wp\/v2\/pages\/227","targetHints":{"allow":["GET"]}}],"collection":[{"href":"https:\/\/goksuteppichreinigung.de\/tr\/wp-json\/wp\/v2\/pages"}],"about":[{"href":"https:\/\/goksuteppichreinigung.de\/tr\/wp-json\/wp\/v2\/types\/page"}],"author":[{"embeddable":true,"href":"https:\/\/goksuteppichreinigung.de\/tr\/wp-json\/wp\/v2\/users\/1"}],"replies":[{"embeddable":true,"href":"https:\/\/goksuteppichreinigung.de\/tr\/wp-json\/wp\/v2\/comments?post=227"}],"version-history":[{"count":0,"href":"https:\/\/goksuteppichreinigung.de\/tr\/wp-json\/wp\/v2\/pages\/227\/revisions"}],"wp:attachment":[{"href":"https:\/\/goksuteppichreinigung.de\/tr\/wp-json\/wp\/v2\/media?parent=227"}],"curies":[{"name":"wp","href":"https:\/\/api.w.org\/{rel}","templated":true}]}}