{"id":181,"date":"2015-01-12T14:49:38","date_gmt":"2015-01-12T14:49:38","guid":{"rendered":"http:\/\/localhost:8888\/construction\/?page_id=181"},"modified":"2024-05-24T16:21:39","modified_gmt":"2024-05-24T13:21:39","slug":"hakkimizda","status":"publish","type":"page","link":"https:\/\/goksuteppichreinigung.de\/tr\/hakkimizda","title":{"rendered":"Hakk\u0131m\u0131zda"},"content":{"rendered":"<h3>G\u00f6ksu Hal\u0131 Y\u0131kama<\/h3>\n<p>G\u00f6ksu Hal\u0131 Y\u0131kama olarak, Gelsenkirchen&#8217;deki m\u00fc\u015fterilerine kaliteli hal\u0131 y\u0131kama hizmetleri sunmaktay\u0131z. M\u00fc\u015fteri memnuniyetini \u00f6n planda tutan firmam\u0131z, uzman ekip ve modern ekipmanlarla hal\u0131lar\u0131n\u0131z\u0131 titizlikle temizlemektedir. Profesyonel kadromuzun her bir hal\u0131n\u0131n \u00f6zel ihtiya\u00e7lar\u0131na uygun olarak uygulad\u0131\u011f\u0131 profesyonel y\u00f6ntemler sayesinde, her t\u00fcrl\u00fc leke ve kir hal\u0131s\u0131n\u0131 derinlemesine temizlerken, hal\u0131n\u0131n dokusuna zarar vermeden \u00f6zenle i\u015flem yapmaktad\u0131r. Hassas renklere sahip olan el dokuma hal\u0131lardan kal\u0131n ve yo\u011fun dokulu hal\u0131lara kadar her t\u00fcrdeki hal\u0131n\u0131n derinlemesine temizli\u011fini yap\u0131yoruz. G\u00f6ksu Hal\u0131 Y\u0131kama olarak hijyen standartlar\u0131na uygun \u015fekilde \u00e7al\u0131\u015farak m\u00fc\u015fterilerimize sa\u011fl\u0131kl\u0131 ve tertemiz hal\u0131lar sunuyoruz. G\u00fcvenilir bir hizmet anlay\u0131\u015f\u0131na sahip olan firmam\u0131z, zaman\u0131nda teslimat garantisiyle de dikkat \u00e7ekmektedir. Sizin i\u00e7in en iyi sonu\u00e7lar\u0131 elde etmek ad\u0131na teknolojiye ayak uyduran G\u00f6ksu Hal\u0131 Y\u0131kama, profesyonel yakla\u015f\u0131m\u0131yla tercih edilen bir marka olma yolunda emin ad\u0131mlarla ilerlemektedir.<\/p>\n<h4>Di\u011fer Hizmetlerimiz<\/h4>\n<p>Bizler hal\u0131 y\u0131kama hizmetimiz d\u0131\u015f\u0131nda koltuk y\u0131kama, yatak y\u0131kama, yorgan y\u0131kama ve araba koltu\u011fu y\u0131kama hizmetlerimizle de m\u00fc\u015fterilerimize kaliteli bir temizlik deneyimi sunmaktan gurur duyuyoruz. Profesyonel ekipmanlar\u0131m\u0131z ve uzman personelimiz sayesinde her t\u00fcrl\u00fc lekeyi etkili bir \u015fekilde temizleyerek e\u015fyalar\u0131n\u0131z\u0131n ilk g\u00fcnk\u00fc gibi parlak ve ferah olmas\u0131n\u0131 sa\u011fl\u0131yoruz. M\u00fc\u015fteri memnuniyetini en \u00f6n planda tutarak titizlikle \u00e7al\u0131\u015f\u0131yor ve her detay\u0131 \u00f6zenle ele al\u0131yoruz. Evinizin veya arac\u0131n\u0131z\u0131n i\u00e7indeki kirleri derinlemesine temizleyerek hijyenik ko\u015fullar\u0131 sa\u011flarken ayn\u0131 zamanda kuma\u015flar\u0131n dokusuna zarar vermeden profesyonel bir i\u015f\u00e7ilik sergiliyoruz. G\u00f6ksu Hal\u0131 Y\u0131kama olarak sizlere m\u00fckemmel temizlik hizmetleri sunmak i\u00e7in her zaman yan\u0131n\u0131zday\u0131z.<\/p>\n<h4>M\u00fc\u015fteri Memnuniyeti<\/h4>\n<p>G\u00f6ksu Hal\u0131 Y\u0131kama olarak, uygun fiyatl\u0131, profesyonel ve etkili hal\u0131 y\u0131kama hizmetlerimizle m\u00fc\u015fterilerimize kaliteli bir deneyim sunuyoruz. Deneyimli ekibimiz ve modern ekipmanlar\u0131m\u0131z sayesinde hal\u0131lar\u0131n\u0131z\u0131 en iyi \u015fekilde temizleyerek hijyenik bir ortam sa\u011fl\u0131yoruz. M\u00fc\u015fteri memnuniyetini \u00f6n planda tutarak titizlikle \u00e7al\u0131\u015fan personelimiz, her t\u00fcrl\u00fc lekeyi ve kirleri derinlemesine temizleyerek hal\u0131lar\u0131n\u0131z\u0131n ilk g\u00fcnk\u00fc gibi parlak ve ferah g\u00f6r\u00fcnmesini sa\u011fl\u0131yor. G\u00f6ksu Hal\u0131 Y\u0131kama olarak, kaliteli hizmet anlay\u0131\u015f\u0131m\u0131zla sizlere en iyi sonucu sunmak i\u00e7in s\u00fcrekli kendimizi geli\u015ftiriyor ve yenilik\u00e7i \u00e7\u00f6z\u00fcmler \u00fcretiyoruz. Sizin i\u00e7in hal\u0131 y\u0131kaman\u0131n stresinden kurtulun, bize g\u00fcvenin!<\/p>\n","protected":false},"excerpt":{"rendered":"<p>Curabitur sodales ligula in libero. Sed dignissim lacinia nunc. Curabitur tortor. Pellentesque nibh. Aenean quam. In scelerisque sem at dolor. Maecenas mattis. Sed convallis tristique sem. Proin ut ligula vel nunc egestas porttitor. Morbi lectus risus, iaculis vel, suscipit quis, luctus non, massa.<\/p>\n","protected":false},"author":1,"featured_media":0,"parent":0,"menu_order":0,"comment_status":"closed","ping_status":"closed","template":"","meta":{"footnotes":""},"class_list":["post-181","page","type-page","status-publish","hentry"],"yoast_head":"<!-- This site is optimized with the Yoast SEO plugin v27.4 - https:\/\/yoast.com\/product\/yoast-seo-wordpress\/ -->\n<title>Hakk\u0131m\u0131zda - G\u00fcl Hal\u0131 Y\u0131kama Fabrikas\u0131 - Gaziantep<\/title>\n<meta name=\"description\" content=\"Gaziantep g\u00fczel hal\u0131 y\u0131kama ile hal\u0131 ve kilimleriniz evinizden uzman servis ekibimiz ile \u00f6zenle al\u0131n\u0131r ve kendi ara\u00e7lar\u0131m\u0131zla hal\u0131 y\u0131kama fabrikam\u0131za ula\u015fan hal\u0131lar\u0131n\u0131z profesyonel makine ve te\u00e7hizat kullan\u0131larak , organik ve hijyenik deterjanlar kullan\u0131larak el de\u011fmeden y\u0131kanmaktad\u0131r.\" \/>\n<meta name=\"robots\" content=\"index, follow, max-snippet:-1, max-image-preview:large, max-video-preview:-1\" \/>\n<link rel=\"canonical\" href=\"https:\/\/goksuteppichreinigung.de\/tr\/hakkimizda\" \/>\n<meta property=\"og:locale\" content=\"tr_TR\" \/>\n<meta property=\"og:type\" content=\"article\" \/>\n<meta property=\"og:title\" content=\"Hakk\u0131m\u0131zda - G\u00fcl Hal\u0131 Y\u0131kama Fabrikas\u0131 - Gaziantep\" \/>\n<meta property=\"og:description\" content=\"Gaziantep g\u00fczel hal\u0131 y\u0131kama ile hal\u0131 ve kilimleriniz evinizden uzman servis ekibimiz ile \u00f6zenle al\u0131n\u0131r ve kendi ara\u00e7lar\u0131m\u0131zla hal\u0131 y\u0131kama fabrikam\u0131za ula\u015fan hal\u0131lar\u0131n\u0131z profesyonel makine ve te\u00e7hizat kullan\u0131larak , organik ve hijyenik deterjanlar kullan\u0131larak el de\u011fmeden y\u0131kanmaktad\u0131r.\" \/>\n<meta property=\"og:url\" content=\"https:\/\/goksuteppichreinigung.de\/tr\/hakkimizda\" \/>\n<meta property=\"og:site_name\" content=\"G\u00f6ksu Hal\u0131 Y\u0131kama\" \/>\n<meta property=\"article:modified_time\" content=\"2024-05-24T13:21:39+00:00\" \/>\n<meta name=\"twitter:card\" content=\"summary_large_image\" \/>\n<meta name=\"twitter:label1\" content=\"Tahmini okuma s\u00fcresi\" \/>\n\t<meta name=\"twitter:data1\" content=\"2 dakika\" \/>\n<script type=\"application\/ld+json\" class=\"yoast-schema-graph\">{\"@context\":\"https:\\\/\\\/schema.org\",\"@graph\":[{\"@type\":\"WebPage\",\"@id\":\"https:\\\/\\\/goksuteppichreinigung.de\\\/tr\\\/hakkimizda\",\"url\":\"https:\\\/\\\/goksuteppichreinigung.de\\\/tr\\\/hakkimizda\",\"name\":\"Hakk\u0131m\u0131zda - G\u00fcl Hal\u0131 Y\u0131kama Fabrikas\u0131 - Gaziantep\",\"isPartOf\":{\"@id\":\"https:\\\/\\\/goksuteppichreinigung.de\\\/tr\\\/#website\"},\"datePublished\":\"2015-01-12T14:49:38+00:00\",\"dateModified\":\"2024-05-24T13:21:39+00:00\",\"description\":\"Gaziantep g\u00fczel hal\u0131 y\u0131kama ile hal\u0131 ve kilimleriniz evinizden uzman servis ekibimiz ile \u00f6zenle al\u0131n\u0131r ve kendi ara\u00e7lar\u0131m\u0131zla hal\u0131 y\u0131kama fabrikam\u0131za ula\u015fan hal\u0131lar\u0131n\u0131z profesyonel makine ve te\u00e7hizat kullan\u0131larak , organik ve hijyenik deterjanlar kullan\u0131larak el de\u011fmeden y\u0131kanmaktad\u0131r.\",\"breadcrumb\":{\"@id\":\"https:\\\/\\\/goksuteppichreinigung.de\\\/tr\\\/hakkimizda#breadcrumb\"},\"inLanguage\":\"tr\",\"potentialAction\":[{\"@type\":\"ReadAction\",\"target\":[\"https:\\\/\\\/goksuteppichreinigung.de\\\/tr\\\/hakkimizda\"]}]},{\"@type\":\"BreadcrumbList\",\"@id\":\"https:\\\/\\\/goksuteppichreinigung.de\\\/tr\\\/hakkimizda#breadcrumb\",\"itemListElement\":[{\"@type\":\"ListItem\",\"position\":1,\"name\":\"Ana sayfa\",\"item\":\"https:\\\/\\\/goksuteppichreinigung.de\\\/tr\\\/\"},{\"@type\":\"ListItem\",\"position\":2,\"name\":\"Hakk\u0131m\u0131zda\"}]},{\"@type\":\"WebSite\",\"@id\":\"https:\\\/\\\/goksuteppichreinigung.de\\\/tr\\\/#website\",\"url\":\"https:\\\/\\\/goksuteppichreinigung.de\\\/tr\\\/\",\"name\":\"G\u00f6ksu Hal\u0131 Y\u0131kama\",\"description\":\"\",\"potentialAction\":[{\"@type\":\"SearchAction\",\"target\":{\"@type\":\"EntryPoint\",\"urlTemplate\":\"https:\\\/\\\/goksuteppichreinigung.de\\\/tr\\\/?s={search_term_string}\"},\"query-input\":{\"@type\":\"PropertyValueSpecification\",\"valueRequired\":true,\"valueName\":\"search_term_string\"}}],\"inLanguage\":\"tr\"}]}<\/script>\n<!-- \/ Yoast SEO plugin. -->","yoast_head_json":{"title":"Hakk\u0131m\u0131zda - G\u00fcl Hal\u0131 Y\u0131kama Fabrikas\u0131 - Gaziantep","description":"Gaziantep g\u00fczel hal\u0131 y\u0131kama ile hal\u0131 ve kilimleriniz evinizden uzman servis ekibimiz ile \u00f6zenle al\u0131n\u0131r ve kendi ara\u00e7lar\u0131m\u0131zla hal\u0131 y\u0131kama fabrikam\u0131za ula\u015fan hal\u0131lar\u0131n\u0131z profesyonel makine ve te\u00e7hizat kullan\u0131larak , organik ve hijyenik deterjanlar kullan\u0131larak el de\u011fmeden y\u0131kanmaktad\u0131r.","robots":{"index":"index","follow":"follow","max-snippet":"max-snippet:-1","max-image-preview":"max-image-preview:large","max-video-preview":"max-video-preview:-1"},"canonical":"https:\/\/goksuteppichreinigung.de\/tr\/hakkimizda","og_locale":"tr_TR","og_type":"article","og_title":"Hakk\u0131m\u0131zda - G\u00fcl Hal\u0131 Y\u0131kama Fabrikas\u0131 - Gaziantep","og_description":"Gaziantep g\u00fczel hal\u0131 y\u0131kama ile hal\u0131 ve kilimleriniz evinizden uzman servis ekibimiz ile \u00f6zenle al\u0131n\u0131r ve kendi ara\u00e7lar\u0131m\u0131zla hal\u0131 y\u0131kama fabrikam\u0131za ula\u015fan hal\u0131lar\u0131n\u0131z profesyonel makine ve te\u00e7hizat kullan\u0131larak , organik ve hijyenik deterjanlar kullan\u0131larak el de\u011fmeden y\u0131kanmaktad\u0131r.","og_url":"https:\/\/goksuteppichreinigung.de\/tr\/hakkimizda","og_site_name":"G\u00f6ksu Hal\u0131 Y\u0131kama","article_modified_time":"2024-05-24T13:21:39+00:00","twitter_card":"summary_large_image","twitter_misc":{"Tahmini okuma s\u00fcresi":"2 dakika"},"schema":{"@context":"https:\/\/schema.org","@graph":[{"@type":"WebPage","@id":"https:\/\/goksuteppichreinigung.de\/tr\/hakkimizda","url":"https:\/\/goksuteppichreinigung.de\/tr\/hakkimizda","name":"Hakk\u0131m\u0131zda - G\u00fcl Hal\u0131 Y\u0131kama Fabrikas\u0131 - Gaziantep","isPartOf":{"@id":"https:\/\/goksuteppichreinigung.de\/tr\/#website"},"datePublished":"2015-01-12T14:49:38+00:00","dateModified":"2024-05-24T13:21:39+00:00","description":"Gaziantep g\u00fczel hal\u0131 y\u0131kama ile hal\u0131 ve kilimleriniz evinizden uzman servis ekibimiz ile \u00f6zenle al\u0131n\u0131r ve kendi ara\u00e7lar\u0131m\u0131zla hal\u0131 y\u0131kama fabrikam\u0131za ula\u015fan hal\u0131lar\u0131n\u0131z profesyonel makine ve te\u00e7hizat kullan\u0131larak , organik ve hijyenik deterjanlar kullan\u0131larak el de\u011fmeden y\u0131kanmaktad\u0131r.","breadcrumb":{"@id":"https:\/\/goksuteppichreinigung.de\/tr\/hakkimizda#breadcrumb"},"inLanguage":"tr","potentialAction":[{"@type":"ReadAction","target":["https:\/\/goksuteppichreinigung.de\/tr\/hakkimizda"]}]},{"@type":"BreadcrumbList","@id":"https:\/\/goksuteppichreinigung.de\/tr\/hakkimizda#breadcrumb","itemListElement":[{"@type":"ListItem","position":1,"name":"Ana sayfa","item":"https:\/\/goksuteppichreinigung.de\/tr\/"},{"@type":"ListItem","position":2,"name":"Hakk\u0131m\u0131zda"}]},{"@type":"WebSite","@id":"https:\/\/goksuteppichreinigung.de\/tr\/#website","url":"https:\/\/goksuteppichreinigung.de\/tr\/","name":"G\u00f6ksu Hal\u0131 Y\u0131kama","description":"","potentialAction":[{"@type":"SearchAction","target":{"@type":"EntryPoint","urlTemplate":"https:\/\/goksuteppichreinigung.de\/tr\/?s={search_term_string}"},"query-input":{"@type":"PropertyValueSpecification","valueRequired":true,"valueName":"search_term_string"}}],"inLanguage":"tr"}]}},"_links":{"self":[{"href":"https:\/\/goksuteppichreinigung.de\/tr\/wp-json\/wp\/v2\/pages\/181","targetHints":{"allow":["GET"]}}],"collection":[{"href":"https:\/\/goksuteppichreinigung.de\/tr\/wp-json\/wp\/v2\/pages"}],"about":[{"href":"https:\/\/goksuteppichreinigung.de\/tr\/wp-json\/wp\/v2\/types\/page"}],"author":[{"embeddable":true,"href":"https:\/\/goksuteppichreinigung.de\/tr\/wp-json\/wp\/v2\/users\/1"}],"replies":[{"embeddable":true,"href":"https:\/\/goksuteppichreinigung.de\/tr\/wp-json\/wp\/v2\/comments?post=181"}],"version-history":[{"count":0,"href":"https:\/\/goksuteppichreinigung.de\/tr\/wp-json\/wp\/v2\/pages\/181\/revisions"}],"wp:attachment":[{"href":"https:\/\/goksuteppichreinigung.de\/tr\/wp-json\/wp\/v2\/media?parent=181"}],"curies":[{"name":"wp","href":"https:\/\/api.w.org\/{rel}","templated":true}]}}